{"id":1063,"date":"2021-08-27T18:13:13","date_gmt":"2021-08-27T18:13:13","guid":{"rendered":"https:\/\/aboaarte.com\/?post_type=product&#038;p=1063"},"modified":"2025-09-21T19:18:33","modified_gmt":"2025-09-21T19:18:33","slug":"esquisse-dune-theorie-des-emotions","status":"publish","type":"product","link":"https:\/\/aboaarte.com\/index.php\/product\/esquisse-dune-theorie-des-emotions\/","title":{"rendered":"\u201cEsquisse D\u2019Une Th\u00e9orie Des \u00c9motions\u201d"},"content":{"rendered":"<p>Pintura em \u00f3leo sobre tela, 30\u00d720 cm (41\u00d731 cm com moldura em madeira dourada). Releitura de obra deJules Adolphe Breton (1827-1906), \u201cJeune femme dans les champs,\u201d de 1864. Rebatizada como \u201cEsquisse D\u2019Une Th\u00e9orie Des \u00c9motions\u201d (\u201dEsbo\u00e7o de Uma Teoria das Emo\u00e7\u00f5es\u201d), em refer\u00eancia \u00e0 obra fundamental de Jean Paul Sartre. A obra retrata uma camponesa carregando o que colheu, reinterpretada em seu sentido de mera representa\u00e7\u00e3o factual: olhando em dire\u00e7\u00e3o a algo distante, seu olhar \u2013 oculto do observador \u2013 indiretamente remetendo a um vazio de desola\u00e7\u00e3o aparente da alma, sob uma condi\u00e7\u00e3o humana sem perspectiva. A vida dos camponeses, sobretudo no s\u00e9culo XIX, historicamente representa uma situa\u00e7\u00e3o muito dif\u00edcil de pobreza e dificuldades. Insumos franceses, ingleses e holandeses. Verniz satinado franc\u00eas. Moldura em madeira, com detalhes trabalhados, em dourado. Por F. G. Dillenburg. Obra \u00fanica.<\/p>\n<p><strong>Observa\u00e7\u00e3o<\/strong>: nenhuma imagem, por melhor que seja, \u00e9 capaz de reproduzir os detalhes, as nuances, os cuidados que fazem parte do processo de elabora\u00e7\u00e3o da obra, executada com materiais rigidamente selecionados e da mais alta qualidade, para assegurar seu valor e sua longevidade.<\/p>\n<p><em><span class=\"has-inline-color has-cyan-bluish-gray-color\">O autor reserva-se o pleno e permanente direito sobre o copyright da sua obra. Nenhuma c\u00f3pia ou reprodu\u00e7\u00e3o, em qualquer meio f\u00edsico ou digital, pode ser feita sem sua expressa autoriza\u00e7\u00e3o.<\/span><\/em><\/p>\n<p><span style=\"color: #ff6600;\">Para encomendas ou compras internacionais, por favor, entre em contato.<\/span><\/p>\n","protected":false},"excerpt":{"rendered":"<p>Pintura em \u00f3leo sobre tela, 30\u00d720 cm (41\u00d731 cm com moldura em madeira dourada). Insumos franceses, ingleses e holandeses. Verniz satinado franc\u00eas. Moldura em madeira, com detalhes trabalhados, em dourado. Certifica\u00e7\u00e3o de qualidade e proced\u00eancia.<\/p>\n","protected":false},"featured_media":1064,"template":"","meta":{"om_disable_all_campaigns":false,"site-sidebar-layout":"no-sidebar","site-content-layout":"boxed-container","ast-site-content-layout":"normal-width-container","site-content-style":"boxed","site-sidebar-style":"boxed","ast-global-header-display":"","ast-banner-title-visibility":"","ast-main-header-display":"","ast-hfb-above-header-display":"","ast-hfb-below-header-display":"","ast-hfb-mobile-header-display":"","site-post-title":"","ast-breadcrumbs-content":"","ast-featured-img":"","footer-sml-layout":"","theme-transparent-header-meta":"default","adv-header-id-meta":"","stick-header-meta":"","header-above-stick-meta":"","header-main-stick-meta":"","header-below-stick-meta":"","astra-migrate-meta-layouts":"set","ast-page-background-enabled":"default","ast-page-background-meta":{"desktop":{"background-color":"","background-image":"","background-repeat":"repeat","background-position":"center center","background-size":"auto","background-attachment":"scroll","background-type":"","background-media":"","overlay-type":"","overlay-color":"","overlay-opacity":"","overlay-gradient":""},"tablet":{"background-color":"","background-image":"","background-repeat":"repeat","background-position":"center center","background-size":"auto","background-attachment":"scroll","background-type":"","background-media":"","overlay-type":"","overlay-color":"","overlay-opacity":"","overlay-gradient":""},"mobile":{"background-color":"","background-image":"","background-repeat":"repeat","background-position":"center center","background-size":"auto","background-attachment":"scroll","background-type":"","background-media":"","overlay-type":"","overlay-color":"","overlay-opacity":"","overlay-gradient":""}},"ast-content-background-meta":{"desktop":{"background-color":"var(--ast-global-color-5)","background-image":"","background-repeat":"repeat","background-position":"center center","background-size":"auto","background-attachment":"scroll","background-type":"","background-media":"","overlay-type":"","overlay-color":"","overlay-opacity":"","overlay-gradient":""},"tablet":{"background-color":"var(--ast-global-color-5)","background-image":"","background-repeat":"repeat","background-position":"center center","background-size":"auto","background-attachment":"scroll","background-type":"","background-media":"","overlay-type":"","overlay-color":"","overlay-opacity":"","overlay-gradient":""},"mobile":{"background-color":"var(--ast-global-color-5)","background-image":"","background-repeat":"repeat","background-position":"center center","background-size":"auto","background-attachment":"scroll","background-type":"","background-media":"","overlay-type":"","overlay-color":"","overlay-opacity":"","overlay-gradient":""}}},"product_brand":[],"product_cat":[40,133,25,20],"product_tag":[46,51,52],"class_list":{"0":"post-1063","1":"product","2":"type-product","3":"status-publish","4":"has-post-thumbnail","6":"product_cat-figura-humana","7":"product_cat-historico","8":"product_cat-oleo","9":"product_cat-pinturas","10":"product_tag-oleo","11":"product_tag-paisagem","12":"product_tag-pintura","13":"desktop-align-left","14":"tablet-align-left","15":"mobile-align-left","17":"first","18":"outofstock","19":"sold-individually","20":"taxable","21":"shipping-taxable","22":"purchasable","23":"product-type-simple"},"aioseo_notices":[],"_links":{"self":[{"href":"https:\/\/aboaarte.com\/index.php\/wp-json\/wp\/v2\/product\/1063","targetHints":{"allow":["GET"]}}],"collection":[{"href":"https:\/\/aboaarte.com\/index.php\/wp-json\/wp\/v2\/product"}],"about":[{"href":"https:\/\/aboaarte.com\/index.php\/wp-json\/wp\/v2\/types\/product"}],"wp:featuredmedia":[{"embeddable":true,"href":"https:\/\/aboaarte.com\/index.php\/wp-json\/wp\/v2\/media\/1064"}],"wp:attachment":[{"href":"https:\/\/aboaarte.com\/index.php\/wp-json\/wp\/v2\/media?parent=1063"}],"wp:term":[{"taxonomy":"product_brand","embeddable":true,"href":"https:\/\/aboaarte.com\/index.php\/wp-json\/wp\/v2\/product_brand?post=1063"},{"taxonomy":"product_cat","embeddable":true,"href":"https:\/\/aboaarte.com\/index.php\/wp-json\/wp\/v2\/product_cat?post=1063"},{"taxonomy":"product_tag","embeddable":true,"href":"https:\/\/aboaarte.com\/index.php\/wp-json\/wp\/v2\/product_tag?post=1063"}],"curies":[{"name":"wp","href":"https:\/\/api.w.org\/{rel}","templated":true}]}}