{"id":1293,"date":"2021-11-01T17:05:31","date_gmt":"2021-11-01T17:05:31","guid":{"rendered":"https:\/\/aboaarte.com\/?post_type=product&#038;p=1293"},"modified":"2026-01-17T12:50:14","modified_gmt":"2026-01-17T12:50:14","slug":"fokker-dr-i-serie-first-hunters-copia","status":"publish","type":"product","link":"https:\/\/aboaarte.com\/index.php\/product\/fokker-dr-i-serie-first-hunters-copia\/","title":{"rendered":"Sopwith \u201cPup\u201d"},"content":{"rendered":"<p>Pintura em acr\u00edlico sobre tela. O Sopwith Pup foi a resposta dos aliados \u00e0 amea\u00e7a dos Fokker e, a partir de 1916, ajudou a virar o jogo nos c\u00e9us do front ocidental. Com caracter\u00edsticas do seu antecessor Strutter, mas com asas cerca de 20% menores, recebeu o apelido de \u201cPup\u201d, o que, por fim, acabou se tornando o nome oficial adotado. Extremamente manobr\u00e1vel e um excelente aparelho para dogfight, entrou para o Royal Naval Air Service (RNAS) e para o Royal Flying Corps em 1916, logo merecendo a reputa\u00e7\u00e3o de ser um inimigo formid\u00e1vel para os alem\u00e3es. Mesmo em grandes altitudes, era responsivo em manobras e capaz de manter suas caracter\u00edsticas acrob\u00e1ticas at\u00e9 os 4.500 metros (15.000 p\u00e9s). Exemplo de sua alta efici\u00eancia \u00e9 o fato de que, em apenas dois meses de servi\u00e7o junto ao Esquadr\u00e3o Naval n\u00ba 8, garantiu 20 avi\u00f5es inimigos destru\u00eddos. S\u00e9rie \u201cFirst Hunters\u201d. Pintura em acr\u00edlico sobre tela, 20\u00d720 cm (33\u00d733 cm com moldura), por F. G. Dillenburg. Pe\u00e7a \u00fanica.<\/p>\n<p><strong>Observa\u00e7\u00e3o<\/strong>: nenhuma imagem, por melhor que seja, \u00e9 capaz de reproduzir os detalhes, as nuances, os cuidados que fazem parte do processo de elabora\u00e7\u00e3o da obra, executada com materiais rigidamente selecionados e da mais alta qualidade, para assegurar seu valor e sua longevidade.<\/p>\n<p><em><span class=\"has-inline-color has-cyan-bluish-gray-color\">O autor reserva-se o pleno e permanente direito sobre o copyright da sua obra. Nenhuma c\u00f3pia ou reprodu\u00e7\u00e3o, em qualquer meio f\u00edsico ou digital, pode ser feita sem sua expressa autoriza\u00e7\u00e3o.<\/span><\/em><\/p>\n<p><span style=\"color: #ff6600;\">Para encomendas ou compras internacionais, por favor, entre em contato.<\/span><\/p>\n","protected":false},"excerpt":{"rendered":"<p>Pintura em acr\u00edlico sobre tela. O Sopwith Pup foi a resposta dos aliados \u00e0 amea\u00e7a dos Fokker e, a partir de 1916, ajudou a virar o jogo nos c\u00e9us do front ocidental. Com caracter\u00edsticas do seu antecessor Strutter, mas com asas cerca de 20% menores, recebeu o apelido de \u201cPup\u201d, o que, por fim, acabou se tornando o nome oficial adotado. Extremamente manobr\u00e1vel e um excelente aparelho para dogfight, entrou para o Royal Naval Air Service (RNAS) e para o Royal Flying Corps em 1916, logo merecendo a reputa\u00e7\u00e3o de ser um inimigo formid\u00e1vel para os alem\u00e3es. Mesmo em grandes altitudes, era responsivo em manobras e capaz de manter suas caracter\u00edsticas acrob\u00e1ticas at\u00e9 os 4.500 metros (15.000 p\u00e9s). Exemplo de sua alta efici\u00eancia \u00e9 o fato de que, em apenas dois meses de servi\u00e7o junto ao Esquadr\u00e3o Naval n\u00ba 8, garantiu 20 avi\u00f5es inimigos destru\u00eddos. Pintura em acr\u00edlico sobre tela, 20\u00d720 cm (33\u00d733 cm com moldura), por F. G. Dillenburg. Pe\u00e7a \u00fanica.<\/p>\n","protected":false},"featured_media":1294,"template":"","meta":{"om_disable_all_campaigns":false,"site-sidebar-layout":"no-sidebar","site-content-layout":"boxed-container","ast-site-content-layout":"normal-width-container","site-content-style":"boxed","site-sidebar-style":"boxed","ast-global-header-display":"","ast-banner-title-visibility":"","ast-main-header-display":"","ast-hfb-above-header-display":"","ast-hfb-below-header-display":"","ast-hfb-mobile-header-display":"","site-post-title":"","ast-breadcrumbs-content":"","ast-featured-img":"","footer-sml-layout":"","theme-transparent-header-meta":"default","adv-header-id-meta":"","stick-header-meta":"","header-above-stick-meta":"","header-main-stick-meta":"","header-below-stick-meta":"","astra-migrate-meta-layouts":"set","ast-page-background-enabled":"default","ast-page-background-meta":{"desktop":{"background-color":"","background-image":"","background-repeat":"repeat","background-position":"center center","background-size":"auto","background-attachment":"scroll","background-type":"","background-media":"","overlay-type":"","overlay-color":"","overlay-opacity":"","overlay-gradient":""},"tablet":{"background-color":"","background-image":"","background-repeat":"repeat","background-position":"center center","background-size":"auto","background-attachment":"scroll","background-type":"","background-media":"","overlay-type":"","overlay-color":"","overlay-opacity":"","overlay-gradient":""},"mobile":{"background-color":"","background-image":"","background-repeat":"repeat","background-position":"center center","background-size":"auto","background-attachment":"scroll","background-type":"","background-media":"","overlay-type":"","overlay-color":"","overlay-opacity":"","overlay-gradient":""}},"ast-content-background-meta":{"desktop":{"background-color":"var(--ast-global-color-5)","background-image":"","background-repeat":"repeat","background-position":"center center","background-size":"auto","background-attachment":"scroll","background-type":"","background-media":"","overlay-type":"","overlay-color":"","overlay-opacity":"","overlay-gradient":""},"tablet":{"background-color":"var(--ast-global-color-5)","background-image":"","background-repeat":"repeat","background-position":"center center","background-size":"auto","background-attachment":"scroll","background-type":"","background-media":"","overlay-type":"","overlay-color":"","overlay-opacity":"","overlay-gradient":""},"mobile":{"background-color":"var(--ast-global-color-5)","background-image":"","background-repeat":"repeat","background-position":"center center","background-size":"auto","background-attachment":"scroll","background-type":"","background-media":"","overlay-type":"","overlay-color":"","overlay-opacity":"","overlay-gradient":""}}},"product_brand":[],"product_cat":[26,58,20],"product_tag":[140,53,139,115,52],"class_list":{"0":"post-1293","1":"product","2":"type-product","3":"status-publish","4":"has-post-thumbnail","6":"product_cat-acrilica","7":"product_cat-aviation-art","8":"product_cat-pinturas","9":"product_tag-aviao","10":"product_tag-aviation-art","11":"product_tag-avioes","12":"product_tag-i-guerra-mundial","13":"product_tag-pintura","14":"desktop-align-left","15":"tablet-align-left","16":"mobile-align-left","18":"first","19":"instock","20":"sold-individually","21":"taxable","22":"shipping-taxable","23":"purchasable","24":"product-type-simple"},"aioseo_notices":[],"_links":{"self":[{"href":"https:\/\/aboaarte.com\/index.php\/wp-json\/wp\/v2\/product\/1293","targetHints":{"allow":["GET"]}}],"collection":[{"href":"https:\/\/aboaarte.com\/index.php\/wp-json\/wp\/v2\/product"}],"about":[{"href":"https:\/\/aboaarte.com\/index.php\/wp-json\/wp\/v2\/types\/product"}],"wp:featuredmedia":[{"embeddable":true,"href":"https:\/\/aboaarte.com\/index.php\/wp-json\/wp\/v2\/media\/1294"}],"wp:attachment":[{"href":"https:\/\/aboaarte.com\/index.php\/wp-json\/wp\/v2\/media?parent=1293"}],"wp:term":[{"taxonomy":"product_brand","embeddable":true,"href":"https:\/\/aboaarte.com\/index.php\/wp-json\/wp\/v2\/product_brand?post=1293"},{"taxonomy":"product_cat","embeddable":true,"href":"https:\/\/aboaarte.com\/index.php\/wp-json\/wp\/v2\/product_cat?post=1293"},{"taxonomy":"product_tag","embeddable":true,"href":"https:\/\/aboaarte.com\/index.php\/wp-json\/wp\/v2\/product_tag?post=1293"}],"curies":[{"name":"wp","href":"https:\/\/api.w.org\/{rel}","templated":true}]}}