{"id":1357,"date":"2024-05-07T17:47:43","date_gmt":"2024-05-07T17:47:43","guid":{"rendered":"https:\/\/aboaarte.com\/?post_type=product&#038;p=1357"},"modified":"2026-01-17T12:49:49","modified_gmt":"2026-01-17T12:49:49","slug":"de-volta-as-trevas-descaso-ignorancia-e-a-destruicao-do-nosso-futuro","status":"publish","type":"product","link":"https:\/\/aboaarte.com\/index.php\/product\/de-volta-as-trevas-descaso-ignorancia-e-a-destruicao-do-nosso-futuro\/","title":{"rendered":"De Volta \u00e0s Trevas: Descaso, Ignor\u00e2ncia e a Destrui\u00e7\u00e3o do Nosso Futuro"},"content":{"rendered":"<p>Por que, mesmo sabendo que pensamento racional \u00e9 o melhor instrumento de avan\u00e7o de que dispomos, abandonamos o nosso poder de questionar e nos comportamos como incapazes, deixando de analisar criticamente o que est\u00e1 \u00e0 nossa volta, aceitando qualquer besteira que nos impingem?<\/p>\n<p>Partindo do pressuposto de que a ignor\u00e2ncia n\u00e3o \u00e9 apenas inc\u00f4moda, mas perigosa, o autor busca as causas para nossa rendi\u00e7\u00e3o quase incondicional \u00e0 estupidez do cotidiano e para o conformismo que nos cerceia como seres humanos completos.<\/p>\n<p>\u00c9 nossa obriga\u00e7\u00e3o, como seres pensantes, combater as ilus\u00f5es de imortalidade e submiss\u00e3o que parasitam nossas vidas e partir para a a\u00e7\u00e3o, reinventando nosso mundo e resgatando os valores que a t\u00e3o alto custo foram constru\u00eddos atrav\u00e9s da Hist\u00f3ria: os valores cient\u00edficos. Somente assim poderemos recuperar nossa autonomia e reverter a cat\u00e1strofe intelectual para a qual nos encaminhamos a passo r\u00e1pido.<\/p>\n<p>Com um pouco de sorte, talvez ainda tenhamos tempo.<\/p>\n<p>Por F. G. Dillenburg.<\/p>\n<p><strong>Observa\u00e7\u00e3o<\/strong>: nenhuma imagem, por melhor que seja, \u00e9 capaz de reproduzir os detalhes, as nuances, os cuidados que fazem parte do processo de elabora\u00e7\u00e3o da obra, executada com materiais rigidamente selecionados e da mais alta qualidade, para assegurar seu valor e sua longevidade.<\/p>\n<p><em><span class=\"has-inline-color has-cyan-bluish-gray-color\">O autor reserva-se o pleno e permanente direito sobre o copyright da sua obra. Nenhuma c\u00f3pia ou reprodu\u00e7\u00e3o, em qualquer meio f\u00edsico ou digital, pode ser feita sem sua expressa autoriza\u00e7\u00e3o.<\/span><\/em><\/p>\n<p>&nbsp;<\/p>\n","protected":false},"excerpt":{"rendered":"<p>Livro f\u00edsico, 16&#215;23 cm,\u00a0 142 p. (c)2010-2023. ISBN 978-65-00-53042-1. Por F. G. Dillenburg.<\/p>\n","protected":false},"featured_media":1358,"template":"","meta":{"om_disable_all_campaigns":false,"site-sidebar-layout":"no-sidebar","site-content-layout":"boxed-container","ast-site-content-layout":"normal-width-container","site-content-style":"boxed","site-sidebar-style":"boxed","ast-global-header-display":"","ast-banner-title-visibility":"","ast-main-header-display":"","ast-hfb-above-header-display":"","ast-hfb-below-header-display":"","ast-hfb-mobile-header-display":"","site-post-title":"","ast-breadcrumbs-content":"","ast-featured-img":"","footer-sml-layout":"","theme-transparent-header-meta":"default","adv-header-id-meta":"","stick-header-meta":"","header-above-stick-meta":"","header-main-stick-meta":"","header-below-stick-meta":"","astra-migrate-meta-layouts":"set","ast-page-background-enabled":"default","ast-page-background-meta":{"desktop":{"background-color":"","background-image":"","background-repeat":"repeat","background-position":"center center","background-size":"auto","background-attachment":"scroll","background-type":"","background-media":"","overlay-type":"","overlay-color":"","overlay-opacity":"","overlay-gradient":""},"tablet":{"background-color":"","background-image":"","background-repeat":"repeat","background-position":"center center","background-size":"auto","background-attachment":"scroll","background-type":"","background-media":"","overlay-type":"","overlay-color":"","overlay-opacity":"","overlay-gradient":""},"mobile":{"background-color":"","background-image":"","background-repeat":"repeat","background-position":"center center","background-size":"auto","background-attachment":"scroll","background-type":"","background-media":"","overlay-type":"","overlay-color":"","overlay-opacity":"","overlay-gradient":""}},"ast-content-background-meta":{"desktop":{"background-color":"var(--ast-global-color-5)","background-image":"","background-repeat":"repeat","background-position":"center center","background-size":"auto","background-attachment":"scroll","background-type":"","background-media":"","overlay-type":"","overlay-color":"","overlay-opacity":"","overlay-gradient":""},"tablet":{"background-color":"var(--ast-global-color-5)","background-image":"","background-repeat":"repeat","background-position":"center center","background-size":"auto","background-attachment":"scroll","background-type":"","background-media":"","overlay-type":"","overlay-color":"","overlay-opacity":"","overlay-gradient":""},"mobile":{"background-color":"var(--ast-global-color-5)","background-image":"","background-repeat":"repeat","background-position":"center center","background-size":"auto","background-attachment":"scroll","background-type":"","background-media":"","overlay-type":"","overlay-color":"","overlay-opacity":"","overlay-gradient":""}}},"product_brand":[],"product_cat":[120],"product_tag":[127,126,124,55,123,125],"class_list":{"0":"post-1357","1":"product","2":"type-product","3":"status-publish","4":"has-post-thumbnail","6":"product_cat-livros","7":"product_tag-ciencia","8":"product_tag-educacao","9":"product_tag-filosofia","10":"product_tag-historia","11":"product_tag-literatura","12":"product_tag-sociologia","13":"product_shipping_class-taxa-para-livros","14":"desktop-align-left","15":"tablet-align-left","16":"mobile-align-left","18":"first","19":"instock","20":"taxable","21":"shipping-taxable","22":"purchasable","23":"product-type-simple"},"aioseo_notices":[],"_links":{"self":[{"href":"https:\/\/aboaarte.com\/index.php\/wp-json\/wp\/v2\/product\/1357","targetHints":{"allow":["GET"]}}],"collection":[{"href":"https:\/\/aboaarte.com\/index.php\/wp-json\/wp\/v2\/product"}],"about":[{"href":"https:\/\/aboaarte.com\/index.php\/wp-json\/wp\/v2\/types\/product"}],"wp:featuredmedia":[{"embeddable":true,"href":"https:\/\/aboaarte.com\/index.php\/wp-json\/wp\/v2\/media\/1358"}],"wp:attachment":[{"href":"https:\/\/aboaarte.com\/index.php\/wp-json\/wp\/v2\/media?parent=1357"}],"wp:term":[{"taxonomy":"product_brand","embeddable":true,"href":"https:\/\/aboaarte.com\/index.php\/wp-json\/wp\/v2\/product_brand?post=1357"},{"taxonomy":"product_cat","embeddable":true,"href":"https:\/\/aboaarte.com\/index.php\/wp-json\/wp\/v2\/product_cat?post=1357"},{"taxonomy":"product_tag","embeddable":true,"href":"https:\/\/aboaarte.com\/index.php\/wp-json\/wp\/v2\/product_tag?post=1357"}],"curies":[{"name":"wp","href":"https:\/\/api.w.org\/{rel}","templated":true}]}}