{"id":1461,"date":"2024-06-23T17:03:15","date_gmt":"2024-06-23T17:03:15","guid":{"rendered":"https:\/\/aboaarte.com\/?post_type=product&#038;p=1461"},"modified":"2025-09-21T19:04:23","modified_gmt":"2025-09-21T19:04:23","slug":"grumman-f-14-201","status":"publish","type":"product","link":"https:\/\/aboaarte.com\/index.php\/product\/grumman-f-14-201\/","title":{"rendered":"Grumman F-14 (USN 201)"},"content":{"rendered":"<p>O F-14A Tomcat \u00e9 um ca\u00e7a supers\u00f4nico bimotor que serviu na Marinha dos Estados Unidos entre os anos 1970 e 2000. Foi amplamente reconhecido por seu design diferenciado, apresentando asas de enflechamento vari\u00e1vel que podiam ser ajustadas para otimizar o desempenho durante as diferentes fases do voo. Um dos conflitos mais not\u00e1veis \u200b\u200bem que o F-14A foi usado foi a Opera\u00e7\u00e3o Tempestade no Deserto em 1991, na qual desempenhou um papel significativo no combate ar-ar e em miss\u00f5es de ataque de precis\u00e3o contra alvos iraquianos. O F-14A tamb\u00e9m foi utilizado em conflitos como a Opera\u00e7\u00e3o Enduring Freedom e a Opera\u00e7\u00e3o Iraqi Freedom. O VF-84 \u201cJolly Rogers\u201d foi um esquadr\u00e3o de ca\u00e7as que serviu a bordo do USS Theodore Roosevelt durante a Opera\u00e7\u00e3o Tempestade no Deserto. Sua distinta marca\u00e7\u00e3o preta e branca de caveira e ossos cruzados fez com que se tornasse um dos esquadr\u00f5es mais emblem\u00e1ticos da US Navy. A pintura mostra o exemplar 162702 (201) VF 84 lotado no Theodore Roosevelt em 1987.<\/p>\n<p>Pintura a \u00f3leo sobre painel telado em algod\u00e3o livre de \u00e1cido e com tratamento contra fungos e bact\u00e9rias. Insumos holandeses e franceses. Vernizes ingleses e italianos. Tamanho 30&#215;40 cm (~40&#215;50 cm com moldura).\u00a0 Moldura em madeira, preta com filetes pratas. Obra \u00fanica. S\u00e9rie \u201cUS Navy Classic Fighters\u201d.<\/p>\n<p><strong>Observa\u00e7\u00e3o<\/strong>: nenhuma imagem, por melhor que seja, \u00e9 capaz de reproduzir os detalhes, as nuances, os cuidados que fazem parte do processo de elabora\u00e7\u00e3o da obra, executada com materiais rigidamente selecionados e da mais alta qualidade, para assegurar seu valor e sua longevidade.<\/p>\n<p><em><span class=\"has-inline-color has-cyan-bluish-gray-color\">O autor reserva-se o pleno e permanente direito sobre o copyright da sua obra. Nenhuma c\u00f3pia ou reprodu\u00e7\u00e3o, em qualquer meio f\u00edsico ou digital, pode ser feita sem sua expressa autoriza\u00e7\u00e3o.<\/span><\/em><\/p>\n<p><span style=\"color: #ff6600;\">Para encomendas ou compras internacionais, por favor, entre em contato.<\/span><\/p>\n","protected":false},"excerpt":{"rendered":"<p>Pintura cl\u00e1ssica a \u00f3leo sobre painel telado em algod\u00e3o livre de \u00e1cido e com tratamento contra fungos e bact\u00e9rias. Insumos holandeses e franceses. Vernizes ingleses e italianos. Tamanho 30&#215;40 cm (~40&#215;50 cm com moldura).\u00a0 Moldura em madeira, preta com filetes pratas. Certifica\u00e7\u00e3o de qualidade e proced\u00eancia, assinada pelo autor. Obra \u00fanica. Por F. G. Dillenburg. S\u00e9rie \u201cUS Navy Classic Fighters\u201d.<\/p>\n","protected":false},"featured_media":1462,"template":"","meta":{"om_disable_all_campaigns":false,"site-sidebar-layout":"no-sidebar","site-content-layout":"boxed-container","ast-site-content-layout":"normal-width-container","site-content-style":"boxed","site-sidebar-style":"boxed","ast-global-header-display":"","ast-banner-title-visibility":"","ast-main-header-display":"","ast-hfb-above-header-display":"","ast-hfb-below-header-display":"","ast-hfb-mobile-header-display":"","site-post-title":"","ast-breadcrumbs-content":"","ast-featured-img":"","footer-sml-layout":"","theme-transparent-header-meta":"default","adv-header-id-meta":"","stick-header-meta":"","header-above-stick-meta":"","header-main-stick-meta":"","header-below-stick-meta":"","astra-migrate-meta-layouts":"set","ast-page-background-enabled":"default","ast-page-background-meta":{"desktop":{"background-color":"","background-image":"","background-repeat":"repeat","background-position":"center center","background-size":"auto","background-attachment":"scroll","background-type":"","background-media":"","overlay-type":"","overlay-color":"","overlay-opacity":"","overlay-gradient":""},"tablet":{"background-color":"","background-image":"","background-repeat":"repeat","background-position":"center center","background-size":"auto","background-attachment":"scroll","background-type":"","background-media":"","overlay-type":"","overlay-color":"","overlay-opacity":"","overlay-gradient":""},"mobile":{"background-color":"","background-image":"","background-repeat":"repeat","background-position":"center center","background-size":"auto","background-attachment":"scroll","background-type":"","background-media":"","overlay-type":"","overlay-color":"","overlay-opacity":"","overlay-gradient":""}},"ast-content-background-meta":{"desktop":{"background-color":"var(--ast-global-color-5)","background-image":"","background-repeat":"repeat","background-position":"center center","background-size":"auto","background-attachment":"scroll","background-type":"","background-media":"","overlay-type":"","overlay-color":"","overlay-opacity":"","overlay-gradient":""},"tablet":{"background-color":"var(--ast-global-color-5)","background-image":"","background-repeat":"repeat","background-position":"center center","background-size":"auto","background-attachment":"scroll","background-type":"","background-media":"","overlay-type":"","overlay-color":"","overlay-opacity":"","overlay-gradient":""},"mobile":{"background-color":"var(--ast-global-color-5)","background-image":"","background-repeat":"repeat","background-position":"center center","background-size":"auto","background-attachment":"scroll","background-type":"","background-media":"","overlay-type":"","overlay-color":"","overlay-opacity":"","overlay-gradient":""}}},"product_brand":[],"product_cat":[58,25,20],"product_tag":[140,53,139,130,129,55,128,131,46,52],"class_list":{"0":"post-1461","1":"product","2":"type-product","3":"status-publish","4":"has-post-thumbnail","6":"product_cat-aviation-art","7":"product_cat-oleo","8":"product_cat-pinturas","9":"product_tag-aviao","10":"product_tag-aviation-art","11":"product_tag-avioes","12":"product_tag-eua","13":"product_tag-guerra-fria","14":"product_tag-historia","15":"product_tag-jatos","16":"product_tag-naval","17":"product_tag-oleo","18":"product_tag-pintura","19":"desktop-align-left","20":"tablet-align-left","21":"mobile-align-left","23":"first","24":"outofstock","25":"sold-individually","26":"taxable","27":"shipping-taxable","28":"purchasable","29":"product-type-simple"},"aioseo_notices":[],"_links":{"self":[{"href":"https:\/\/aboaarte.com\/index.php\/wp-json\/wp\/v2\/product\/1461","targetHints":{"allow":["GET"]}}],"collection":[{"href":"https:\/\/aboaarte.com\/index.php\/wp-json\/wp\/v2\/product"}],"about":[{"href":"https:\/\/aboaarte.com\/index.php\/wp-json\/wp\/v2\/types\/product"}],"wp:featuredmedia":[{"embeddable":true,"href":"https:\/\/aboaarte.com\/index.php\/wp-json\/wp\/v2\/media\/1462"}],"wp:attachment":[{"href":"https:\/\/aboaarte.com\/index.php\/wp-json\/wp\/v2\/media?parent=1461"}],"wp:term":[{"taxonomy":"product_brand","embeddable":true,"href":"https:\/\/aboaarte.com\/index.php\/wp-json\/wp\/v2\/product_brand?post=1461"},{"taxonomy":"product_cat","embeddable":true,"href":"https:\/\/aboaarte.com\/index.php\/wp-json\/wp\/v2\/product_cat?post=1461"},{"taxonomy":"product_tag","embeddable":true,"href":"https:\/\/aboaarte.com\/index.php\/wp-json\/wp\/v2\/product_tag?post=1461"}],"curies":[{"name":"wp","href":"https:\/\/api.w.org\/{rel}","templated":true}]}}