{"id":1636,"date":"2024-06-26T16:59:21","date_gmt":"2024-06-26T16:59:21","guid":{"rendered":"https:\/\/aboaarte.com\/?post_type=product&#038;p=1636"},"modified":"2026-01-17T12:48:50","modified_gmt":"2026-01-17T12:48:50","slug":"martim-pescador-de-orelha-azul-alcedo-meninting-copia","status":"publish","type":"product","link":"https:\/\/aboaarte.com\/index.php\/product\/martim-pescador-de-orelha-azul-alcedo-meninting-copia\/","title":{"rendered":"Pisco do Peito Ruivo (Erithacus rubecula)"},"content":{"rendered":"<p>Desenho em t\u00e9cnicas diversas sobre papel especial, 23\u00d721 cm (38\u00d736 cm com moldura), com paspatur (Passe-partout) e prote\u00e7\u00e3o integral por vidro antirreflexo. Insumos alem\u00e3es, franceses e norte-americanos. Fixador franc\u00eas. Moldura em<br \/>\nmadeira, com reflexos na cor cobre. Pisco-de-peito-ruivo (Erithacus rubecula) ou simplesmente pisco, pintarroxo, papo-ruivo ou ainda papo-roxo, \u00e9 um p\u00e1ssaro tipicamente europeu, surpreendente pela capacidade de conseguir enxergar<br \/>\ncampos magn\u00e9ticos, e n\u00e3o apenas senti-los, como outras aves. A esp\u00e9cie \u00e9 bem conhecida, tamb\u00e9m, por cantar o ano todo, e \u00e9 encontrada em \u00e1reas arborizadas e \u00famidas, de bosques a jardins. Durante a Primavera e o Ver\u00e3o, essa esp\u00e9cie alimenta-se, maioritariamente, de insetos. No Inverno, consome abundantemente frutos carnudos como azeitonas, bagas, peda\u00e7os de bolota e pequenos invertebrados. Nidifica em \u00e1rvores, rochas, taludes ou estruturas artificiais. Por F. G. Dillenburg. Obra \u00fanica.<\/p>\n<p><strong>Observa\u00e7\u00e3o<\/strong>: nenhuma imagem, por melhor que seja, \u00e9 capaz de reproduzir os detalhes, as nuances, os cuidados que fazem parte do processo de elabora\u00e7\u00e3o da obra, executada com materiais rigidamente selecionados e da mais alta qualidade, para assegurar seu valor e sua longevidade.<\/p>\n<p><em><span class=\"has-inline-color has-cyan-bluish-gray-color\">O autor reserva-se o pleno e permanente direito sobre o copyright da sua obra. Nenhuma c\u00f3pia ou reprodu\u00e7\u00e3o, em qualquer meio f\u00edsico ou digital, pode ser feita sem sua expressa autoriza\u00e7\u00e3o.<\/span><\/em><\/p>\n<p><span style=\"color: #ff6600;\">Para encomendas ou compras internacionais, por favor, entre em contato.<\/span><\/p>\n","protected":false},"excerpt":{"rendered":"<p>Desenho em t\u00e9cnicas diversas sobre papel especial, 23\u00d721 cm (38\u00d736 cm com moldura), com paspatur (Passe-partout) e prote\u00e7\u00e3o integral por vidro antirreflexo. Insumos alem\u00e3es, franceses e norte-americanos. Fixador franc\u00eas. Moldura em madeira, com reflexos na cor cobre Por F. G. Dillenburg. Obra \u00fanica.<\/p>\n","protected":false},"featured_media":1637,"template":"","meta":{"om_disable_all_campaigns":false,"site-sidebar-layout":"no-sidebar","site-content-layout":"boxed-container","ast-site-content-layout":"normal-width-container","site-content-style":"boxed","site-sidebar-style":"boxed","ast-global-header-display":"","ast-banner-title-visibility":"","ast-main-header-display":"","ast-hfb-above-header-display":"","ast-hfb-below-header-display":"","ast-hfb-mobile-header-display":"","site-post-title":"","ast-breadcrumbs-content":"","ast-featured-img":"","footer-sml-layout":"","theme-transparent-header-meta":"default","adv-header-id-meta":"","stick-header-meta":"","header-above-stick-meta":"","header-main-stick-meta":"","header-below-stick-meta":"","astra-migrate-meta-layouts":"set","ast-page-background-enabled":"default","ast-page-background-meta":{"desktop":{"background-color":"","background-image":"","background-repeat":"repeat","background-position":"center center","background-size":"auto","background-attachment":"scroll","background-type":"","background-media":"","overlay-type":"","overlay-color":"","overlay-opacity":"","overlay-gradient":""},"tablet":{"background-color":"","background-image":"","background-repeat":"repeat","background-position":"center center","background-size":"auto","background-attachment":"scroll","background-type":"","background-media":"","overlay-type":"","overlay-color":"","overlay-opacity":"","overlay-gradient":""},"mobile":{"background-color":"","background-image":"","background-repeat":"repeat","background-position":"center center","background-size":"auto","background-attachment":"scroll","background-type":"","background-media":"","overlay-type":"","overlay-color":"","overlay-opacity":"","overlay-gradient":""}},"ast-content-background-meta":{"desktop":{"background-color":"var(--ast-global-color-5)","background-image":"","background-repeat":"repeat","background-position":"center center","background-size":"auto","background-attachment":"scroll","background-type":"","background-media":"","overlay-type":"","overlay-color":"","overlay-opacity":"","overlay-gradient":""},"tablet":{"background-color":"var(--ast-global-color-5)","background-image":"","background-repeat":"repeat","background-position":"center center","background-size":"auto","background-attachment":"scroll","background-type":"","background-media":"","overlay-type":"","overlay-color":"","overlay-opacity":"","overlay-gradient":""},"mobile":{"background-color":"var(--ast-global-color-5)","background-image":"","background-repeat":"repeat","background-position":"center center","background-size":"auto","background-attachment":"scroll","background-type":"","background-media":"","overlay-type":"","overlay-color":"","overlay-opacity":"","overlay-gradient":""}}},"product_brand":[],"product_cat":[38,19,34,22],"product_tag":[97],"class_list":{"0":"post-1636","1":"product","2":"type-product","3":"status-publish","4":"has-post-thumbnail","6":"product_cat-animais","7":"product_cat-desenhos","8":"product_cat-lapis-a-oleo","9":"product_cat-pastel-seco","10":"product_tag-passaros","11":"desktop-align-left","12":"tablet-align-left","13":"mobile-align-left","15":"first","16":"outofstock","17":"sold-individually","18":"taxable","19":"shipping-taxable","20":"purchasable","21":"product-type-simple"},"aioseo_notices":[],"_links":{"self":[{"href":"https:\/\/aboaarte.com\/index.php\/wp-json\/wp\/v2\/product\/1636","targetHints":{"allow":["GET"]}}],"collection":[{"href":"https:\/\/aboaarte.com\/index.php\/wp-json\/wp\/v2\/product"}],"about":[{"href":"https:\/\/aboaarte.com\/index.php\/wp-json\/wp\/v2\/types\/product"}],"wp:featuredmedia":[{"embeddable":true,"href":"https:\/\/aboaarte.com\/index.php\/wp-json\/wp\/v2\/media\/1637"}],"wp:attachment":[{"href":"https:\/\/aboaarte.com\/index.php\/wp-json\/wp\/v2\/media?parent=1636"}],"wp:term":[{"taxonomy":"product_brand","embeddable":true,"href":"https:\/\/aboaarte.com\/index.php\/wp-json\/wp\/v2\/product_brand?post=1636"},{"taxonomy":"product_cat","embeddable":true,"href":"https:\/\/aboaarte.com\/index.php\/wp-json\/wp\/v2\/product_cat?post=1636"},{"taxonomy":"product_tag","embeddable":true,"href":"https:\/\/aboaarte.com\/index.php\/wp-json\/wp\/v2\/product_tag?post=1636"}],"curies":[{"name":"wp","href":"https:\/\/api.w.org\/{rel}","templated":true}]}}