{"id":1638,"date":"2024-06-26T17:30:00","date_gmt":"2024-06-26T17:30:00","guid":{"rendered":"https:\/\/aboaarte.com\/?post_type=product&#038;p=1638"},"modified":"2026-01-17T12:48:29","modified_gmt":"2026-01-17T12:48:29","slug":"esquisse-dune-theorie-des-emotions-copia","status":"publish","type":"product","link":"https:\/\/aboaarte.com\/index.php\/product\/esquisse-dune-theorie-des-emotions-copia\/","title":{"rendered":"&#8220;P\u00e1tria&#8221;"},"content":{"rendered":"<p>Esta obra foi uma encomenda como presente de anivers\u00e1rio para um pai que foi sargento da Cavalaria do Ex\u00e9rcito Brasileiro. Ela representa um oficial do 3\u00ba Regimento de Cavalaria de Guardas do Ex\u00e9rcito Brasileiro, em seu uniforme hist\u00f3rico. A simbologia da imagem referencia o c\u00e9u nublado como a necessidade de permanente aten\u00e7\u00e3o \u00e0s eventuais dificuldades a serem enfrentadas, difusas, ocasionalmente ocultas, mas onipresentes. No ch\u00e3o, as pedras simbolizam a rigidez e resist\u00eancia do cavaleiro, enquanto que os troncos ca\u00eddos remetem \u00e0 transitoriedade de seu papel e sua disposi\u00e7\u00e3o \u00e0 reincorporar-se ao pr\u00f3prio solo p\u00e1trio, submetendo-se ao maior dos sacrif\u00edcios, caso necess\u00e1rio. A \u00e1gua, ao fundo, representa a limpidez e a transpar\u00eancia de suas virtudes e inten\u00e7\u00f5es. O cavaleiro est\u00e1 em alerta, arma pronta, mas n\u00e3o em posi\u00e7\u00e3o de amea\u00e7a, buscando, com a antecipa\u00e7\u00e3o de quem planeja com cuidado, um caminho para al\u00e9m da barreira. A \u00e1rvore frut\u00edfera para a qual seu olhar se dirige \u00e9 a met\u00e1fora do seu trabalho e dedica\u00e7\u00e3o, que permanecer\u00e1. Pintura cl\u00e1ssica em \u00f3leo sobre tela, 50\u00d740 cm (75\u00d764 cm com moldura). Tela em algod\u00e3o de alta qualidade com seis n\u00edveis de prote\u00e7\u00e3o. Insumos holandeses, franceses e brit\u00e2nicos. Verniz italiano. Moldura em madeira, com detalhes em cinza e dourado envelhecido. Por F. G. Dillenburg. Obra \u00fanica.<\/p>\n<p><strong>Observa\u00e7\u00e3o<\/strong>: nenhuma imagem, por melhor que seja, \u00e9 capaz de reproduzir os detalhes, as nuances, os cuidados que fazem parte do processo de elabora\u00e7\u00e3o da obra, executada com materiais rigidamente selecionados e da mais alta qualidade, para assegurar seu valor e sua longevidade.<\/p>\n<p><em><span class=\"has-inline-color has-cyan-bluish-gray-color\">O autor reserva-se o pleno e permanente direito sobre o copyright da sua obra. Nenhuma c\u00f3pia ou reprodu\u00e7\u00e3o, em qualquer meio f\u00edsico ou digital, pode ser feita sem sua expressa autoriza\u00e7\u00e3o.<\/span><\/em><\/p>\n<p><span style=\"color: #ff6600;\">Para encomendas ou compras internacionais, por favor, entre em contato.<\/span><\/p>\n","protected":false},"excerpt":{"rendered":"<p>Pintura cl\u00e1ssica em \u00f3leo sobre tela, 50\u00d740 cm (75\u00d764 cm com moldura). Tela em algod\u00e3o de alta qualidade com seis n\u00edveis de prote\u00e7\u00e3o. Insumos holandeses, franceses e brit\u00e2nicos. Verniz italiano. Moldura em madeira, com detalhes em cinza e dourado envelhecido. Certifica\u00e7\u00e3o de qualidade e proced\u00eancia. Por F. G. Dillenburg. Obra \u00fanica.<\/p>\n","protected":false},"featured_media":1639,"template":"","meta":{"om_disable_all_campaigns":false,"site-sidebar-layout":"no-sidebar","site-content-layout":"boxed-container","ast-site-content-layout":"normal-width-container","site-content-style":"boxed","site-sidebar-style":"boxed","ast-global-header-display":"","ast-banner-title-visibility":"","ast-main-header-display":"","ast-hfb-above-header-display":"","ast-hfb-below-header-display":"","ast-hfb-mobile-header-display":"","site-post-title":"","ast-breadcrumbs-content":"","ast-featured-img":"","footer-sml-layout":"","theme-transparent-header-meta":"default","adv-header-id-meta":"","stick-header-meta":"","header-above-stick-meta":"","header-main-stick-meta":"","header-below-stick-meta":"","astra-migrate-meta-layouts":"set","ast-page-background-enabled":"default","ast-page-background-meta":{"desktop":{"background-color":"","background-image":"","background-repeat":"repeat","background-position":"center center","background-size":"auto","background-attachment":"scroll","background-type":"","background-media":"","overlay-type":"","overlay-color":"","overlay-opacity":"","overlay-gradient":""},"tablet":{"background-color":"","background-image":"","background-repeat":"repeat","background-position":"center center","background-size":"auto","background-attachment":"scroll","background-type":"","background-media":"","overlay-type":"","overlay-color":"","overlay-opacity":"","overlay-gradient":""},"mobile":{"background-color":"","background-image":"","background-repeat":"repeat","background-position":"center center","background-size":"auto","background-attachment":"scroll","background-type":"","background-media":"","overlay-type":"","overlay-color":"","overlay-opacity":"","overlay-gradient":""}},"ast-content-background-meta":{"desktop":{"background-color":"var(--ast-global-color-5)","background-image":"","background-repeat":"repeat","background-position":"center center","background-size":"auto","background-attachment":"scroll","background-type":"","background-media":"","overlay-type":"","overlay-color":"","overlay-opacity":"","overlay-gradient":""},"tablet":{"background-color":"var(--ast-global-color-5)","background-image":"","background-repeat":"repeat","background-position":"center center","background-size":"auto","background-attachment":"scroll","background-type":"","background-media":"","overlay-type":"","overlay-color":"","overlay-opacity":"","overlay-gradient":""},"mobile":{"background-color":"var(--ast-global-color-5)","background-image":"","background-repeat":"repeat","background-position":"center center","background-size":"auto","background-attachment":"scroll","background-type":"","background-media":"","overlay-type":"","overlay-color":"","overlay-opacity":"","overlay-gradient":""}}},"product_brand":[],"product_cat":[40,133,25,20,37],"product_tag":[46,51,52],"class_list":{"0":"post-1638","1":"product","2":"type-product","3":"status-publish","4":"has-post-thumbnail","6":"product_cat-figura-humana","7":"product_cat-historico","8":"product_cat-oleo","9":"product_cat-pinturas","10":"product_cat-tema","11":"product_tag-oleo","12":"product_tag-paisagem","13":"product_tag-pintura","14":"desktop-align-left","15":"tablet-align-left","16":"mobile-align-left","18":"first","19":"outofstock","20":"sold-individually","21":"taxable","22":"shipping-taxable","23":"purchasable","24":"product-type-simple"},"aioseo_notices":[],"_links":{"self":[{"href":"https:\/\/aboaarte.com\/index.php\/wp-json\/wp\/v2\/product\/1638","targetHints":{"allow":["GET"]}}],"collection":[{"href":"https:\/\/aboaarte.com\/index.php\/wp-json\/wp\/v2\/product"}],"about":[{"href":"https:\/\/aboaarte.com\/index.php\/wp-json\/wp\/v2\/types\/product"}],"wp:featuredmedia":[{"embeddable":true,"href":"https:\/\/aboaarte.com\/index.php\/wp-json\/wp\/v2\/media\/1639"}],"wp:attachment":[{"href":"https:\/\/aboaarte.com\/index.php\/wp-json\/wp\/v2\/media?parent=1638"}],"wp:term":[{"taxonomy":"product_brand","embeddable":true,"href":"https:\/\/aboaarte.com\/index.php\/wp-json\/wp\/v2\/product_brand?post=1638"},{"taxonomy":"product_cat","embeddable":true,"href":"https:\/\/aboaarte.com\/index.php\/wp-json\/wp\/v2\/product_cat?post=1638"},{"taxonomy":"product_tag","embeddable":true,"href":"https:\/\/aboaarte.com\/index.php\/wp-json\/wp\/v2\/product_tag?post=1638"}],"curies":[{"name":"wp","href":"https:\/\/api.w.org\/{rel}","templated":true}]}}