{"id":1640,"date":"2024-06-26T17:48:26","date_gmt":"2024-06-26T17:48:26","guid":{"rendered":"https:\/\/aboaarte.com\/?post_type=product&#038;p=1640"},"modified":"2025-09-21T18:58:45","modified_gmt":"2025-09-21T18:58:45","slug":"mare-imbrium","status":"publish","type":"product","link":"https:\/\/aboaarte.com\/index.php\/product\/mare-imbrium\/","title":{"rendered":"&#8220;Mare Imbrium&#8221;"},"content":{"rendered":"<p>Pintura cl\u00e1ssica em \u00f3leo sobre tela, 50\u00d770 cm. Vis\u00e3o de mar e praia, com barcos \u00e0 dist\u00e2ncia, sob c\u00e9u nublado. Obra inspirada nas constru\u00e7\u00f5es estil\u00edsticas do pintor holand\u00eas Jacob Isaackszoon van Ruisdael (c. 1628-1629\u20131682), em express\u00e3o art\u00edstica t\u00edpica da chamada \u201cIdade de Ouro Holandesa\u201d. Ruisdael (Haarlem, c. 1628 ou 1629 \u2013 Amsterd\u00e3, 10 de mar\u00e7o de 1682) \u00e9 considerado um dos grandes expoentes da pintura de paisagem da Holandesa, em um per\u00edodo de grande riqueza e realiza\u00e7\u00f5es culturais, no qual pinturas dos Pa\u00edses Baixos se tornaram muito populares. Insumos holandeses, franceses e norte-americanos. Verniz italiano. Moldura trabalhada, em madeira. Certifica\u00e7\u00e3o de qualidade e proced\u00eancia, assinada pelo autor. Por F. G. Dillenburg. Obra \u00fanica.<\/p>\n<p><strong>Observa\u00e7\u00e3o<\/strong>: nenhuma imagem, por melhor que seja, \u00e9 capaz de reproduzir os detalhes, as nuances, os cuidados que fazem parte do processo de elabora\u00e7\u00e3o da obra, executada com materiais rigidamente selecionados e da mais alta qualidade, para assegurar seu valor e sua longevidade.<\/p>\n<p><em><span class=\"has-inline-color has-cyan-bluish-gray-color\">O autor reserva-se o pleno e permanente direito sobre o copyright da sua obra. Nenhuma c\u00f3pia ou reprodu\u00e7\u00e3o, em qualquer meio f\u00edsico ou digital, pode ser feita sem sua expressa autoriza\u00e7\u00e3o.<\/span><\/em><\/p>\n<p><span style=\"color: #ff6600;\">Para encomendas ou compras internacionais, por favor, entre em contato.<\/span><\/p>\n","protected":false},"excerpt":{"rendered":"<p>Pintura cl\u00e1ssica em \u00f3leo sobre tela, 50\u00d770 cm (89&#215;69 cm com moldura). Insumos holandeses, franceses e norte-americanos. Verniz italiano. Moldura trabalhada, em madeira. Certifica\u00e7\u00e3o de qualidade e proced\u00eancia, assinada pelo autor.<\/p>\n","protected":false},"featured_media":1641,"template":"","meta":{"om_disable_all_campaigns":false,"site-sidebar-layout":"no-sidebar","site-content-layout":"boxed-container","ast-site-content-layout":"normal-width-container","site-content-style":"boxed","site-sidebar-style":"boxed","ast-global-header-display":"","ast-banner-title-visibility":"","ast-main-header-display":"","ast-hfb-above-header-display":"","ast-hfb-below-header-display":"","ast-hfb-mobile-header-display":"","site-post-title":"","ast-breadcrumbs-content":"","ast-featured-img":"","footer-sml-layout":"","theme-transparent-header-meta":"default","adv-header-id-meta":"","stick-header-meta":"","header-above-stick-meta":"","header-main-stick-meta":"","header-below-stick-meta":"","astra-migrate-meta-layouts":"set","ast-page-background-enabled":"default","ast-page-background-meta":{"desktop":{"background-color":"","background-image":"","background-repeat":"repeat","background-position":"center center","background-size":"auto","background-attachment":"scroll","background-type":"","background-media":"","overlay-type":"","overlay-color":"","overlay-opacity":"","overlay-gradient":""},"tablet":{"background-color":"","background-image":"","background-repeat":"repeat","background-position":"center center","background-size":"auto","background-attachment":"scroll","background-type":"","background-media":"","overlay-type":"","overlay-color":"","overlay-opacity":"","overlay-gradient":""},"mobile":{"background-color":"","background-image":"","background-repeat":"repeat","background-position":"center center","background-size":"auto","background-attachment":"scroll","background-type":"","background-media":"","overlay-type":"","overlay-color":"","overlay-opacity":"","overlay-gradient":""}},"ast-content-background-meta":{"desktop":{"background-color":"var(--ast-global-color-5)","background-image":"","background-repeat":"repeat","background-position":"center center","background-size":"auto","background-attachment":"scroll","background-type":"","background-media":"","overlay-type":"","overlay-color":"","overlay-opacity":"","overlay-gradient":""},"tablet":{"background-color":"var(--ast-global-color-5)","background-image":"","background-repeat":"repeat","background-position":"center center","background-size":"auto","background-attachment":"scroll","background-type":"","background-media":"","overlay-type":"","overlay-color":"","overlay-opacity":"","overlay-gradient":""},"mobile":{"background-color":"var(--ast-global-color-5)","background-image":"","background-repeat":"repeat","background-position":"center center","background-size":"auto","background-attachment":"scroll","background-type":"","background-media":"","overlay-type":"","overlay-color":"","overlay-opacity":"","overlay-gradient":""}}},"product_brand":[],"product_cat":[25,39,20,37],"product_tag":[46,51,52],"class_list":{"0":"post-1640","1":"product","2":"type-product","3":"status-publish","4":"has-post-thumbnail","6":"product_cat-oleo","7":"product_cat-paisagem","8":"product_cat-pinturas","9":"product_cat-tema","10":"product_tag-oleo","11":"product_tag-paisagem","12":"product_tag-pintura","13":"desktop-align-left","14":"tablet-align-left","15":"mobile-align-left","17":"first","18":"outofstock","19":"sold-individually","20":"taxable","21":"shipping-taxable","22":"purchasable","23":"product-type-simple"},"aioseo_notices":[],"_links":{"self":[{"href":"https:\/\/aboaarte.com\/index.php\/wp-json\/wp\/v2\/product\/1640","targetHints":{"allow":["GET"]}}],"collection":[{"href":"https:\/\/aboaarte.com\/index.php\/wp-json\/wp\/v2\/product"}],"about":[{"href":"https:\/\/aboaarte.com\/index.php\/wp-json\/wp\/v2\/types\/product"}],"wp:featuredmedia":[{"embeddable":true,"href":"https:\/\/aboaarte.com\/index.php\/wp-json\/wp\/v2\/media\/1641"}],"wp:attachment":[{"href":"https:\/\/aboaarte.com\/index.php\/wp-json\/wp\/v2\/media?parent=1640"}],"wp:term":[{"taxonomy":"product_brand","embeddable":true,"href":"https:\/\/aboaarte.com\/index.php\/wp-json\/wp\/v2\/product_brand?post=1640"},{"taxonomy":"product_cat","embeddable":true,"href":"https:\/\/aboaarte.com\/index.php\/wp-json\/wp\/v2\/product_cat?post=1640"},{"taxonomy":"product_tag","embeddable":true,"href":"https:\/\/aboaarte.com\/index.php\/wp-json\/wp\/v2\/product_tag?post=1640"}],"curies":[{"name":"wp","href":"https:\/\/api.w.org\/{rel}","templated":true}]}}