{"id":1655,"date":"2024-06-30T16:26:22","date_gmt":"2024-06-30T16:26:22","guid":{"rendered":"https:\/\/aboaarte.com\/?post_type=product&#038;p=1655"},"modified":"2025-11-15T14:41:38","modified_gmt":"2025-11-15T14:41:38","slug":"f-a-18f-super-hornet-vfa-41-cvw-11","status":"publish","type":"product","link":"https:\/\/aboaarte.com\/index.php\/product\/f-a-18f-super-hornet-vfa-41-cvw-11\/","title":{"rendered":"F\/A-18F Super Hornet (VFA-41 \/ CVW-11)"},"content":{"rendered":"<p>US Navy &#8211; USS Nimitz (CVN 68) &#8211; Outubro 2005. O Strike Fighter Squadron 41 (VFA-41), tamb\u00e9m conhecido como \u201cBlack Aces\u201d, \u00e9 um esquadr\u00e3o de ca\u00e7a e de ataque da Marinha dos Estados Unidos da Am\u00e9rica, baseado na Naval Air Station Lemoore, Calif\u00f3rnia, voando no F\/A-18F Super Hornet. Ele est\u00e1 anexado ao Carrier Air Wing 9 (CVW-9). Seu indicativo de r\u00e1dio \u00e9 \u201cFast Eagle\u201d e seu c\u00f3digo final \u00e9 \u201cNG\u201d. Em maio de 2005, o VFA-41 foi deslocado para o Golfo P\u00e9rsico, em apoio \u00e0 Opera\u00e7\u00e3o \u201cIraqi Freedom\u201d, depois de testes com o F\/A-18 como avi\u00e3o-tanque. O F\/A-18 Super Hornet foi adquirido n\u00e3o s\u00f3 para cumprir as miss\u00f5es de superioridade a\u00e9rea e defesa da frota que eram cumpridas pelo F-14, mas tamb\u00e9m para servir como aeronave de ataque, substituindo o A-6 Intruder e EA-6 Prowler de guerra eletr\u00f4nica.<\/p>\n<p>Pintura a \u00f3leo sobre painel telado em algod\u00e3o livre de \u00e1cido e com tratamento contra fungos e bact\u00e9rias. Insumos holandeses e franceses. Vernizes ingleses e italianos. Tamanho 30&#215;40 cm (~40&#215;50 cm com moldura).\u00a0 Moldura em madeira, preta com filetes pratas. Obra \u00fanica. S\u00e9rie \u201cUS Navy Classic Jet Fighters\u201d. Certifica\u00e7\u00f5es FSC\/PEFC, ISO 9001, ISO 14001, SEDEX, SMETA, \u201cRoyal\u201d.<\/p>\n<p><strong>Observa\u00e7\u00e3o<\/strong>: nenhuma imagem, por melhor que seja, \u00e9 capaz de reproduzir os detalhes, as nuances, os cuidados que fazem parte do processo de elabora\u00e7\u00e3o da obra, executada com materiais rigidamente selecionados e da mais alta qualidade, para assegurar seu valor e sua longevidade.<\/p>\n<p><em><span class=\"has-inline-color has-cyan-bluish-gray-color\">O autor reserva-se o pleno e permanente direito sobre o copyright da sua obra. Nenhuma c\u00f3pia ou reprodu\u00e7\u00e3o, em qualquer meio f\u00edsico ou digital, pode ser feita sem sua expressa autoriza\u00e7\u00e3o.<\/span><\/em><\/p>\n<p><span style=\"color: #ff6600;\">Para encomendas ou compras internacionais, por favor, entre em contato.<\/span><\/p>\n","protected":false},"excerpt":{"rendered":"<p>Pintura cl\u00e1ssica a \u00f3leo sobre painel telado em algod\u00e3o livre de \u00e1cido e com tratamento contra fungos e bact\u00e9rias. Insumos holandeses e franceses. Vernizes ingleses e italianos. Tamanho 30&#215;40 cm (~40&#215;50 cm com moldura).\u00a0 Moldura em madeira, preta com filetes pratas. Certifica\u00e7\u00e3o de qualidade e proced\u00eancia,\u00a0 assinada pelo autor. Obra \u00fanica. Por F. G. Dillenburg. S\u00e9rie \u201cUS Navy Classic Fighters\u201d. Certifica\u00e7\u00f5es FSC\/PEFC, ISO 9001, ISO 14001, SEDEX, SMETA, \u201cRoyal\u201d.<\/p>\n","protected":false},"featured_media":1656,"template":"","meta":{"om_disable_all_campaigns":false,"site-sidebar-layout":"no-sidebar","site-content-layout":"boxed-container","ast-site-content-layout":"normal-width-container","site-content-style":"boxed","site-sidebar-style":"boxed","ast-global-header-display":"","ast-banner-title-visibility":"","ast-main-header-display":"","ast-hfb-above-header-display":"","ast-hfb-below-header-display":"","ast-hfb-mobile-header-display":"","site-post-title":"","ast-breadcrumbs-content":"","ast-featured-img":"","footer-sml-layout":"","theme-transparent-header-meta":"default","adv-header-id-meta":"","stick-header-meta":"","header-above-stick-meta":"","header-main-stick-meta":"","header-below-stick-meta":"","astra-migrate-meta-layouts":"set","ast-page-background-enabled":"default","ast-page-background-meta":{"desktop":{"background-color":"","background-image":"","background-repeat":"repeat","background-position":"center center","background-size":"auto","background-attachment":"scroll","background-type":"","background-media":"","overlay-type":"","overlay-color":"","overlay-opacity":"","overlay-gradient":""},"tablet":{"background-color":"","background-image":"","background-repeat":"repeat","background-position":"center center","background-size":"auto","background-attachment":"scroll","background-type":"","background-media":"","overlay-type":"","overlay-color":"","overlay-opacity":"","overlay-gradient":""},"mobile":{"background-color":"","background-image":"","background-repeat":"repeat","background-position":"center center","background-size":"auto","background-attachment":"scroll","background-type":"","background-media":"","overlay-type":"","overlay-color":"","overlay-opacity":"","overlay-gradient":""}},"ast-content-background-meta":{"desktop":{"background-color":"var(--ast-global-color-5)","background-image":"","background-repeat":"repeat","background-position":"center center","background-size":"auto","background-attachment":"scroll","background-type":"","background-media":"","overlay-type":"","overlay-color":"","overlay-opacity":"","overlay-gradient":""},"tablet":{"background-color":"var(--ast-global-color-5)","background-image":"","background-repeat":"repeat","background-position":"center center","background-size":"auto","background-attachment":"scroll","background-type":"","background-media":"","overlay-type":"","overlay-color":"","overlay-opacity":"","overlay-gradient":""},"mobile":{"background-color":"var(--ast-global-color-5)","background-image":"","background-repeat":"repeat","background-position":"center center","background-size":"auto","background-attachment":"scroll","background-type":"","background-media":"","overlay-type":"","overlay-color":"","overlay-opacity":"","overlay-gradient":""}}},"product_brand":[],"product_cat":[58,133,25,20,37],"product_tag":[140,53,139,130,129,55,128,131,46,52],"class_list":{"0":"post-1655","1":"product","2":"type-product","3":"status-publish","4":"has-post-thumbnail","6":"product_cat-aviation-art","7":"product_cat-historico","8":"product_cat-oleo","9":"product_cat-pinturas","10":"product_cat-tema","11":"product_tag-aviao","12":"product_tag-aviation-art","13":"product_tag-avioes","14":"product_tag-eua","15":"product_tag-guerra-fria","16":"product_tag-historia","17":"product_tag-jatos","18":"product_tag-naval","19":"product_tag-oleo","20":"product_tag-pintura","21":"desktop-align-left","22":"tablet-align-left","23":"mobile-align-left","25":"first","26":"instock","27":"sold-individually","28":"taxable","29":"shipping-taxable","30":"purchasable","31":"product-type-simple"},"aioseo_notices":[],"_links":{"self":[{"href":"https:\/\/aboaarte.com\/index.php\/wp-json\/wp\/v2\/product\/1655","targetHints":{"allow":["GET"]}}],"collection":[{"href":"https:\/\/aboaarte.com\/index.php\/wp-json\/wp\/v2\/product"}],"about":[{"href":"https:\/\/aboaarte.com\/index.php\/wp-json\/wp\/v2\/types\/product"}],"wp:featuredmedia":[{"embeddable":true,"href":"https:\/\/aboaarte.com\/index.php\/wp-json\/wp\/v2\/media\/1656"}],"wp:attachment":[{"href":"https:\/\/aboaarte.com\/index.php\/wp-json\/wp\/v2\/media?parent=1655"}],"wp:term":[{"taxonomy":"product_brand","embeddable":true,"href":"https:\/\/aboaarte.com\/index.php\/wp-json\/wp\/v2\/product_brand?post=1655"},{"taxonomy":"product_cat","embeddable":true,"href":"https:\/\/aboaarte.com\/index.php\/wp-json\/wp\/v2\/product_cat?post=1655"},{"taxonomy":"product_tag","embeddable":true,"href":"https:\/\/aboaarte.com\/index.php\/wp-json\/wp\/v2\/product_tag?post=1655"}],"curies":[{"name":"wp","href":"https:\/\/api.w.org\/{rel}","templated":true}]}}