{"id":1659,"date":"2024-06-30T17:01:23","date_gmt":"2024-06-30T17:01:23","guid":{"rendered":"https:\/\/aboaarte.com\/?post_type=product&#038;p=1659"},"modified":"2025-11-15T14:40:40","modified_gmt":"2025-11-15T14:40:40","slug":"douglas-a-4q-skyhawk-ea33-3-a-305","status":"publish","type":"product","link":"https:\/\/aboaarte.com\/index.php\/product\/douglas-a-4q-skyhawk-ea33-3-a-305\/","title":{"rendered":"Douglas A-4Q Skyhawk (EA33) 3-A-305"},"content":{"rendered":"<p>Marinha Argentina &#8211; Falklands\/Malvinas &#8211; Maio 1982. Pintura representando o A-4Q do Teniente de Navio Carlos Lecour. Durante a Guerra das Malvinas, em segunda incurs\u00e3o de ataque, tr\u00eas Skyhawks da Marinha Argentina atacaram o HMS Ardent. Eles receberam danos da artilharia antia\u00e9rea, mas conseguiram voltar para sua base em Rio Grande. Este segundo v\u00f4o foi realizado pelo Teniente de Navio Benito I. Rotolo no 3-A-301, Teniente de navio Carlos Lecour no 3-A-305 e Teniente de Navio Roberto Sylvester em 3-A-306. O HMS Ardent afundou em 22 de maio de 1982, devido aos danos causados pelos ataques consecutivos. O 3\u00ba Esquadr\u00e3o Aeronaval de Ca\u00e7a e Ataque (EA33) operou originalmente dos porta-avi\u00f5es ARA Independencia e Veinticinco de Mayo. Na Guerra das Malvinas, voou da Patag\u00f4nia.<\/p>\n<p>Pintura a \u00f3leo sobre tela em algod\u00e3o livre de \u00e1cido e com tratamento contra fungos e bact\u00e9rias. Insumos holandeses e franceses. Vernizes ingleses e italianos. Tamanho 30&#215;20 cm (~40&#215;30 cm com moldura).\u00a0 Moldura em madeira, preta com filetes pratas. Obra \u00fanica. S\u00e9rie \u201cFalklands\/Malvinas\u201d. Certifica\u00e7\u00f5es FSC\/PEFC, ISO 9001, ISO 14001, SEDEX, SMETA, \u201cRoyal\u201d.<\/p>\n<p><strong>Observa\u00e7\u00e3o<\/strong>: nenhuma imagem, por melhor que seja, \u00e9 capaz de reproduzir os detalhes, as nuances, os cuidados que fazem parte do processo de elabora\u00e7\u00e3o da obra, executada com materiais rigidamente selecionados e da mais alta qualidade, para assegurar seu valor e sua longevidade.<\/p>\n<p><em><span class=\"has-inline-color has-cyan-bluish-gray-color\">O autor reserva-se o pleno e permanente direito sobre o copyright da sua obra. Nenhuma c\u00f3pia ou reprodu\u00e7\u00e3o, em qualquer meio f\u00edsico ou digital, pode ser feita sem sua expressa autoriza\u00e7\u00e3o.<\/span><\/em><\/p>\n<p><span style=\"color: #ff6600;\">Para encomendas ou compras internacionais, por favor, entre em contato.<\/span><\/p>\n","protected":false},"excerpt":{"rendered":"<p>Pintura a \u00f3leo sobre tela em algod\u00e3o livre de \u00e1cido e com tratamento contra fungos e bact\u00e9rias. Insumos holandeses e franceses. Vernizes ingleses e italianos. Tamanho 30&#215;20 cm (~40&#215;30 cm com moldura).\u00a0 Moldura em madeira, preta com filetes pratas. Obra \u00fanica. S\u00e9rie \u201cFalklands\/Malvinas\u201d. Certifica\u00e7\u00f5es FSC\/PEFC, ISO 9001, ISO 14001, SEDEX, SMETA, \u201cRoyal\u201d.<\/p>\n","protected":false},"featured_media":1663,"template":"","meta":{"om_disable_all_campaigns":false,"site-sidebar-layout":"no-sidebar","site-content-layout":"boxed-container","ast-site-content-layout":"normal-width-container","site-content-style":"boxed","site-sidebar-style":"boxed","ast-global-header-display":"","ast-banner-title-visibility":"","ast-main-header-display":"","ast-hfb-above-header-display":"","ast-hfb-below-header-display":"","ast-hfb-mobile-header-display":"","site-post-title":"","ast-breadcrumbs-content":"","ast-featured-img":"","footer-sml-layout":"","theme-transparent-header-meta":"default","adv-header-id-meta":"","stick-header-meta":"","header-above-stick-meta":"","header-main-stick-meta":"","header-below-stick-meta":"","astra-migrate-meta-layouts":"set","ast-page-background-enabled":"default","ast-page-background-meta":{"desktop":{"background-color":"","background-image":"","background-repeat":"repeat","background-position":"center center","background-size":"auto","background-attachment":"scroll","background-type":"","background-media":"","overlay-type":"","overlay-color":"","overlay-opacity":"","overlay-gradient":""},"tablet":{"background-color":"","background-image":"","background-repeat":"repeat","background-position":"center center","background-size":"auto","background-attachment":"scroll","background-type":"","background-media":"","overlay-type":"","overlay-color":"","overlay-opacity":"","overlay-gradient":""},"mobile":{"background-color":"","background-image":"","background-repeat":"repeat","background-position":"center center","background-size":"auto","background-attachment":"scroll","background-type":"","background-media":"","overlay-type":"","overlay-color":"","overlay-opacity":"","overlay-gradient":""}},"ast-content-background-meta":{"desktop":{"background-color":"var(--ast-global-color-5)","background-image":"","background-repeat":"repeat","background-position":"center center","background-size":"auto","background-attachment":"scroll","background-type":"","background-media":"","overlay-type":"","overlay-color":"","overlay-opacity":"","overlay-gradient":""},"tablet":{"background-color":"var(--ast-global-color-5)","background-image":"","background-repeat":"repeat","background-position":"center center","background-size":"auto","background-attachment":"scroll","background-type":"","background-media":"","overlay-type":"","overlay-color":"","overlay-opacity":"","overlay-gradient":""},"mobile":{"background-color":"var(--ast-global-color-5)","background-image":"","background-repeat":"repeat","background-position":"center center","background-size":"auto","background-attachment":"scroll","background-type":"","background-media":"","overlay-type":"","overlay-color":"","overlay-opacity":"","overlay-gradient":""}}},"product_brand":[],"product_cat":[58,133,25,20,37],"product_tag":[136,140,53,139,130,137,55,128,138,131,46,52],"class_list":{"0":"post-1659","1":"product","2":"type-product","3":"status-publish","4":"has-post-thumbnail","6":"product_cat-aviation-art","7":"product_cat-historico","8":"product_cat-oleo","9":"product_cat-pinturas","10":"product_cat-tema","11":"product_tag-argentina","12":"product_tag-aviao","13":"product_tag-aviation-art","14":"product_tag-avioes","15":"product_tag-eua","16":"product_tag-falklands","17":"product_tag-historia","18":"product_tag-jatos","19":"product_tag-malvinas","20":"product_tag-naval","21":"product_tag-oleo","22":"product_tag-pintura","23":"desktop-align-left","24":"tablet-align-left","25":"mobile-align-left","27":"first","28":"outofstock","29":"sold-individually","30":"taxable","31":"shipping-taxable","32":"purchasable","33":"product-type-simple"},"aioseo_notices":[],"_links":{"self":[{"href":"https:\/\/aboaarte.com\/index.php\/wp-json\/wp\/v2\/product\/1659","targetHints":{"allow":["GET"]}}],"collection":[{"href":"https:\/\/aboaarte.com\/index.php\/wp-json\/wp\/v2\/product"}],"about":[{"href":"https:\/\/aboaarte.com\/index.php\/wp-json\/wp\/v2\/types\/product"}],"wp:featuredmedia":[{"embeddable":true,"href":"https:\/\/aboaarte.com\/index.php\/wp-json\/wp\/v2\/media\/1663"}],"wp:attachment":[{"href":"https:\/\/aboaarte.com\/index.php\/wp-json\/wp\/v2\/media?parent=1659"}],"wp:term":[{"taxonomy":"product_brand","embeddable":true,"href":"https:\/\/aboaarte.com\/index.php\/wp-json\/wp\/v2\/product_brand?post=1659"},{"taxonomy":"product_cat","embeddable":true,"href":"https:\/\/aboaarte.com\/index.php\/wp-json\/wp\/v2\/product_cat?post=1659"},{"taxonomy":"product_tag","embeddable":true,"href":"https:\/\/aboaarte.com\/index.php\/wp-json\/wp\/v2\/product_tag?post=1659"}],"curies":[{"name":"wp","href":"https:\/\/api.w.org\/{rel}","templated":true}]}}