{"id":1701,"date":"2025-09-20T14:47:47","date_gmt":"2025-09-20T14:47:47","guid":{"rendered":"https:\/\/aboaarte.com\/?post_type=product&#038;p=1701"},"modified":"2026-01-17T12:47:48","modified_gmt":"2026-01-17T12:47:48","slug":"fma-ia-58a-pucara","status":"publish","type":"product","link":"https:\/\/aboaarte.com\/index.php\/product\/fma-ia-58a-pucara\/","title":{"rendered":"FMA IA-58A Pucar\u00e1"},"content":{"rendered":"<p>For\u00e7a A\u00e9rea Argentina &#8211; Argentina &#8211; Setembro 2000. Desenho representando o Pucar\u00e1 exemplar A-551, entregue em dezembro de 1981 \u00e0 For\u00e7a A\u00e9rea Argentina, subordinado ao GA9 e, a partir de 9 de Abril de 1991, ao G3A.<\/p>\n<p>O FMA IA 58 Pucar\u00e1 (palavra que significa \u201cFortaleza\u201d na l\u00edngua quechua) \u00e9 um bimotor turbo\u00e9lice de combate leve, desenvolvido e fabricado pela estatal Fabrica Militar de Aviones, atual FAdEA, da Argentina, na d\u00e9cada de 1970. \u00c9 projetado para operar em pequenas pistas de terra, tendo como miss\u00e3o primordial o apoio a for\u00e7as terrestres, combate anti-helic\u00f3pteros e miss\u00f5es de contra-insurg\u00eancia. Durante a Guerra das Malvinas, a For\u00e7a A\u00e9rea Argentina tinha entre 45 e 60 Pucar\u00e1, baseados no 3\u00ba Grupo de Ataque. Por causa das pistas curtas insulares, 24 dessas aeronaves foram transferidas para as Falklands\/Malvinas durante a guerra. Durante a Batalha de Goose Green, num feito not\u00e1vel, um Pucar\u00e1 abateu um helic\u00f3pero Westland Scout dos Royal Marines.<\/p>\n<p><strong>Observa\u00e7\u00e3o<\/strong>: nenhuma imagem, por melhor que seja, \u00e9 capaz de reproduzir os detalhes, as nuances, os cuidados que fazem parte do processo de elabora\u00e7\u00e3o da obra, executada com materiais rigidamente selecionados e da mais alta qualidade, para assegurar seu valor e sua longevidade.<\/p>\n<p><em><span class=\"has-inline-color has-cyan-bluish-gray-color\">O autor reserva-se o pleno e permanente direito sobre o copyright da sua obra. Nenhuma c\u00f3pia ou reprodu\u00e7\u00e3o, em qualquer meio f\u00edsico ou digital, pode ser feita sem sua expressa autoriza\u00e7\u00e3o.<\/span><\/em><\/p>\n<p><span style=\"color: #ff6600;\">Para encomendas ou compras internacionais, por favor, entre em contato.<\/span><\/p>\n","protected":false},"excerpt":{"rendered":"<p>Ilustra\u00e7\u00e3o em grafite e pastel seco em papel Canson Bristol 180g com tratamento antif\u00fangico e anti\u00e1cido, insumos franceses e alem\u00e3es. Moldura em madeira, <span data-huuid=\"16791226745111658357\">passe-partout<\/span>, com vidro antirreflexo. Certificado de Autenticidade. Tamanho 30&#215;21 cm (~40&#215;30 cm com moldura). Obra \u00fanica.<\/p>\n","protected":false},"featured_media":1702,"template":"","meta":{"om_disable_all_campaigns":false,"site-sidebar-layout":"no-sidebar","site-content-layout":"boxed-container","ast-site-content-layout":"normal-width-container","site-content-style":"boxed","site-sidebar-style":"boxed","ast-global-header-display":"","ast-banner-title-visibility":"","ast-main-header-display":"","ast-hfb-above-header-display":"","ast-hfb-below-header-display":"","ast-hfb-mobile-header-display":"","site-post-title":"","ast-breadcrumbs-content":"","ast-featured-img":"","footer-sml-layout":"","theme-transparent-header-meta":"default","adv-header-id-meta":"","stick-header-meta":"","header-above-stick-meta":"","header-main-stick-meta":"","header-below-stick-meta":"","astra-migrate-meta-layouts":"set","ast-page-background-enabled":"default","ast-page-background-meta":{"desktop":{"background-color":"","background-image":"","background-repeat":"repeat","background-position":"center center","background-size":"auto","background-attachment":"scroll","background-type":"","background-media":"","overlay-type":"","overlay-color":"","overlay-opacity":"","overlay-gradient":""},"tablet":{"background-color":"","background-image":"","background-repeat":"repeat","background-position":"center center","background-size":"auto","background-attachment":"scroll","background-type":"","background-media":"","overlay-type":"","overlay-color":"","overlay-opacity":"","overlay-gradient":""},"mobile":{"background-color":"","background-image":"","background-repeat":"repeat","background-position":"center center","background-size":"auto","background-attachment":"scroll","background-type":"","background-media":"","overlay-type":"","overlay-color":"","overlay-opacity":"","overlay-gradient":""}},"ast-content-background-meta":{"desktop":{"background-color":"var(--ast-global-color-5)","background-image":"","background-repeat":"repeat","background-position":"center center","background-size":"auto","background-attachment":"scroll","background-type":"","background-media":"","overlay-type":"","overlay-color":"","overlay-opacity":"","overlay-gradient":""},"tablet":{"background-color":"var(--ast-global-color-5)","background-image":"","background-repeat":"repeat","background-position":"center center","background-size":"auto","background-attachment":"scroll","background-type":"","background-media":"","overlay-type":"","overlay-color":"","overlay-opacity":"","overlay-gradient":""},"mobile":{"background-color":"var(--ast-global-color-5)","background-image":"","background-repeat":"repeat","background-position":"center center","background-size":"auto","background-attachment":"scroll","background-type":"","background-media":"","overlay-type":"","overlay-color":"","overlay-opacity":"","overlay-gradient":""}}},"product_brand":[],"product_cat":[58,19,21,133,22,37],"product_tag":[136,140,53,139,137,55,138,131],"class_list":{"0":"post-1701","1":"product","2":"type-product","3":"status-publish","4":"has-post-thumbnail","6":"product_cat-aviation-art","7":"product_cat-desenhos","8":"product_cat-grafite","9":"product_cat-historico","10":"product_cat-pastel-seco","11":"product_cat-tema","12":"product_tag-argentina","13":"product_tag-aviao","14":"product_tag-aviation-art","15":"product_tag-avioes","16":"product_tag-falklands","17":"product_tag-historia","18":"product_tag-malvinas","19":"product_tag-naval","20":"desktop-align-left","21":"tablet-align-left","22":"mobile-align-left","24":"first","25":"instock","26":"sold-individually","27":"taxable","28":"shipping-taxable","29":"purchasable","30":"product-type-simple"},"aioseo_notices":[],"_links":{"self":[{"href":"https:\/\/aboaarte.com\/index.php\/wp-json\/wp\/v2\/product\/1701","targetHints":{"allow":["GET"]}}],"collection":[{"href":"https:\/\/aboaarte.com\/index.php\/wp-json\/wp\/v2\/product"}],"about":[{"href":"https:\/\/aboaarte.com\/index.php\/wp-json\/wp\/v2\/types\/product"}],"wp:featuredmedia":[{"embeddable":true,"href":"https:\/\/aboaarte.com\/index.php\/wp-json\/wp\/v2\/media\/1702"}],"wp:attachment":[{"href":"https:\/\/aboaarte.com\/index.php\/wp-json\/wp\/v2\/media?parent=1701"}],"wp:term":[{"taxonomy":"product_brand","embeddable":true,"href":"https:\/\/aboaarte.com\/index.php\/wp-json\/wp\/v2\/product_brand?post=1701"},{"taxonomy":"product_cat","embeddable":true,"href":"https:\/\/aboaarte.com\/index.php\/wp-json\/wp\/v2\/product_cat?post=1701"},{"taxonomy":"product_tag","embeddable":true,"href":"https:\/\/aboaarte.com\/index.php\/wp-json\/wp\/v2\/product_tag?post=1701"}],"curies":[{"name":"wp","href":"https:\/\/api.w.org\/{rel}","templated":true}]}}