{"id":1706,"date":"2025-09-20T17:21:56","date_gmt":"2025-09-20T17:21:56","guid":{"rendered":"https:\/\/aboaarte.com\/?post_type=product&#038;p=1706"},"modified":"2026-01-17T12:47:32","modified_gmt":"2026-01-17T12:47:32","slug":"supermarine-spitfire-pr-mk-xix-ps915","status":"publish","type":"product","link":"https:\/\/aboaarte.com\/index.php\/product\/supermarine-spitfire-pr-mk-xix-ps915\/","title":{"rendered":"Supermarine Spitfire PR Mk. XIX  (PS915)"},"content":{"rendered":"<p>Gr\u00e3-Bretanha, Segunda Guerra Mundial. O Supermarine Spitfire PS915 foi constru\u00eddo em Southampton, entregue ao 6 MU em 17 de abril de 1945 e \u00e0 RAF em 26 de abril. Em 21 de junho de 1945, ele foi para o Esquadr\u00e3o 541, Grupo de Pilotos N\u00ba 1 em Benson, antes de ser alocado para a Unidade de Reconhecimento Fotogr\u00e1fico na mesma base, em 22 de julho de 1946. Enviado para a Unidade de Reparo 151 em 10 de outubro, o PS915 ent\u00e3o se juntou ao Esquadr\u00e3o N\u00ba 2, em Wunsdorf, Alemanha, em 8 de julho de 1948, voando em miss\u00f5es de reconhecimento estrat\u00e9gico na Guerra Fria. Ap\u00f3s um acidente, o Spitfire foi reparado e ent\u00e3o enviado para a Ala de Monitoramento de Temperatura e Umidade (THUM), em Woodvale, em 4 de junho de 1954, servindo l\u00e1 at\u00e9 se aposentar. O PS915 voou para se juntar ao Historic Aircraft Flight (mais tarde BBMF) em Biggin Hill, em 13 de junho de 1957. Foi entregue ao Battle of Britain Memorial Flight em 24 de mar\u00e7o de 1987. Atualmente, ele usa o esquema de cores e marca\u00e7\u00f5es do PS888, um PRXIX do 81\u00ba Esquadr\u00e3o. O Mk. XIX foi a \u00faltima e mais bem-sucedida variante de Spitfires de reconhecimento fotogr\u00e1fico (PR significando \u201cPhotographic Reconnaissance\u201d ou reconhecimento fotogr\u00e1fico). A vers\u00e3o combinou caracter\u00edsticas do Mk. XI com o motor Griffon do Mk. XIV.<\/p>\n<p>Ilustra\u00e7\u00e3o em l\u00e1pis de cor e pastel seco em papel Canson Iris 185g com tratamento antif\u00fagico e anti\u00e1cido, insumos franceses e norte-americanos. Moldura em madeira estilo r\u00fastico, vidro antirreflexo passe-pastout. Certificado de Autenticidade. Certifica\u00e7\u00f5es FSC\/PEFC, ISO 9001, ISO 14001, SEDEX, SMETA, \u201cRoyal\u201d.<\/p>\n<p><strong>Observa\u00e7\u00e3o<\/strong>: nenhuma imagem, por melhor que seja, \u00e9 capaz de reproduzir os detalhes, as nuances, os cuidados que fazem parte do processo de elabora\u00e7\u00e3o da obra, executada com materiais rigidamente selecionados e da mais alta qualidade, para assegurar seu valor e sua longevidade.<\/p>\n<p><em><span class=\"has-inline-color has-cyan-bluish-gray-color\">O autor reserva-se o pleno e permanente direito sobre o copyright da sua obra. Nenhuma c\u00f3pia ou reprodu\u00e7\u00e3o, em qualquer meio f\u00edsico ou digital, pode ser feita sem sua expressa autoriza\u00e7\u00e3o.<\/span><\/em><\/p>\n<p><span style=\"color: #ff6600;\">Para encomendas ou compras internacionais, por favor, entre em contato.<\/span><\/p>\n","protected":false},"excerpt":{"rendered":"<p>Ilustra\u00e7\u00e3o em grafite e pastel seco em papel Canson Bristol 180g com tratamento antif\u00fangico e anti\u00e1cido, insumos franceses e alem\u00e3es. Moldura em madeira, <span data-huuid=\"16791226745111658357\">passe-partout<\/span>, com vidro antirreflexo. Certificado de Autenticidade. Tamanho 30&#215;21 cm (~40&#215;30 cm com moldura). Obra \u00fanica. Certifica\u00e7\u00f5es FSC\/PEFC, ISO 9001, ISO 14001, SEDEX, SMETA, \u201cRoyal\u201d.<\/p>\n","protected":false},"featured_media":1707,"template":"","meta":{"om_disable_all_campaigns":false,"site-sidebar-layout":"no-sidebar","site-content-layout":"boxed-container","ast-site-content-layout":"normal-width-container","site-content-style":"boxed","site-sidebar-style":"boxed","ast-global-header-display":"","ast-banner-title-visibility":"","ast-main-header-display":"","ast-hfb-above-header-display":"","ast-hfb-below-header-display":"","ast-hfb-mobile-header-display":"","site-post-title":"","ast-breadcrumbs-content":"","ast-featured-img":"","footer-sml-layout":"","theme-transparent-header-meta":"default","adv-header-id-meta":"","stick-header-meta":"","header-above-stick-meta":"","header-main-stick-meta":"","header-below-stick-meta":"","astra-migrate-meta-layouts":"set","ast-page-background-enabled":"default","ast-page-background-meta":{"desktop":{"background-color":"","background-image":"","background-repeat":"repeat","background-position":"center center","background-size":"auto","background-attachment":"scroll","background-type":"","background-media":"","overlay-type":"","overlay-color":"","overlay-opacity":"","overlay-gradient":""},"tablet":{"background-color":"","background-image":"","background-repeat":"repeat","background-position":"center center","background-size":"auto","background-attachment":"scroll","background-type":"","background-media":"","overlay-type":"","overlay-color":"","overlay-opacity":"","overlay-gradient":""},"mobile":{"background-color":"","background-image":"","background-repeat":"repeat","background-position":"center center","background-size":"auto","background-attachment":"scroll","background-type":"","background-media":"","overlay-type":"","overlay-color":"","overlay-opacity":"","overlay-gradient":""}},"ast-content-background-meta":{"desktop":{"background-color":"var(--ast-global-color-5)","background-image":"","background-repeat":"repeat","background-position":"center center","background-size":"auto","background-attachment":"scroll","background-type":"","background-media":"","overlay-type":"","overlay-color":"","overlay-opacity":"","overlay-gradient":""},"tablet":{"background-color":"var(--ast-global-color-5)","background-image":"","background-repeat":"repeat","background-position":"center center","background-size":"auto","background-attachment":"scroll","background-type":"","background-media":"","overlay-type":"","overlay-color":"","overlay-opacity":"","overlay-gradient":""},"mobile":{"background-color":"var(--ast-global-color-5)","background-image":"","background-repeat":"repeat","background-position":"center center","background-size":"auto","background-attachment":"scroll","background-type":"","background-media":"","overlay-type":"","overlay-color":"","overlay-opacity":"","overlay-gradient":""}}},"product_brand":[],"product_cat":[58,19,21,133,22,37],"product_tag":[140,53,139,54,55,131,57],"class_list":{"0":"post-1706","1":"product","2":"type-product","3":"status-publish","4":"has-post-thumbnail","6":"product_cat-aviation-art","7":"product_cat-desenhos","8":"product_cat-grafite","9":"product_cat-historico","10":"product_cat-pastel-seco","11":"product_cat-tema","12":"product_tag-aviao","13":"product_tag-aviation-art","14":"product_tag-avioes","15":"product_tag-batalha-da-inglaterra","16":"product_tag-historia","17":"product_tag-naval","18":"product_tag-segunda-guerra-mundial","19":"desktop-align-left","20":"tablet-align-left","21":"mobile-align-left","23":"first","24":"instock","25":"sold-individually","26":"taxable","27":"shipping-taxable","28":"purchasable","29":"product-type-simple"},"aioseo_notices":[],"_links":{"self":[{"href":"https:\/\/aboaarte.com\/index.php\/wp-json\/wp\/v2\/product\/1706","targetHints":{"allow":["GET"]}}],"collection":[{"href":"https:\/\/aboaarte.com\/index.php\/wp-json\/wp\/v2\/product"}],"about":[{"href":"https:\/\/aboaarte.com\/index.php\/wp-json\/wp\/v2\/types\/product"}],"wp:featuredmedia":[{"embeddable":true,"href":"https:\/\/aboaarte.com\/index.php\/wp-json\/wp\/v2\/media\/1707"}],"wp:attachment":[{"href":"https:\/\/aboaarte.com\/index.php\/wp-json\/wp\/v2\/media?parent=1706"}],"wp:term":[{"taxonomy":"product_brand","embeddable":true,"href":"https:\/\/aboaarte.com\/index.php\/wp-json\/wp\/v2\/product_brand?post=1706"},{"taxonomy":"product_cat","embeddable":true,"href":"https:\/\/aboaarte.com\/index.php\/wp-json\/wp\/v2\/product_cat?post=1706"},{"taxonomy":"product_tag","embeddable":true,"href":"https:\/\/aboaarte.com\/index.php\/wp-json\/wp\/v2\/product_tag?post=1706"}],"curies":[{"name":"wp","href":"https:\/\/api.w.org\/{rel}","templated":true}]}}