{"id":1708,"date":"2025-09-20T17:27:50","date_gmt":"2025-09-20T17:27:50","guid":{"rendered":"https:\/\/aboaarte.com\/?post_type=product&#038;p=1708"},"modified":"2026-01-17T12:47:11","modified_gmt":"2026-01-17T12:47:11","slug":"supermarine-spitfire-pr-mk-xix-ps915-copia","status":"publish","type":"product","link":"https:\/\/aboaarte.com\/index.php\/product\/supermarine-spitfire-pr-mk-xix-ps915-copia\/","title":{"rendered":"Vought F4U-1A Corsair 17883 (VMF-214)"},"content":{"rendered":"<p>USMC Air Group 11 (MAG-11) &#8211; Guadalcanal &#8211; 1943. Gregory &#8220;Pappy&#8221; Boyington (4 de Dezembro 1912 \u2013 11 de Janeiro 1988) foi um dos mais extraordin\u00e1rios pilotos de ca\u00e7a norte-americanos. Enquanto servia como instrutor em Pensacola, Boyington beteu em outro oficial e foi informado que provavelmente enfrentaria a corte marcial. Por um golpe de sorte, recrutadores estavam em busca de pilotos de ca\u00e7a volunt\u00e1rios para lutar na China e Boyington foi escolhido para fazer parte de uma Unidade A\u00e9rea Especial para defender a China e a Estrada da Birm\u00e2nia (os famosos \u201cTigres Voadores\u201d). Em setembro de 1942, ele voltou ao Corpo de Fuzileiros Navais e assumiu a comiss\u00e3o de major. Os americanos precisavam de pilotos de combate experientes e, no in\u00edcio de 1943, ele foi designado ao Grupo de Aeronaves de Fuzileiros Navais 11 da 1\u00aa Ala de Aeronaves de Fuzileiros Navais e enviado ao Pac\u00edfico Sul como oficial executivo do Esquadr\u00e3o de Ataque de Ca\u00e7a de Fuzileiros Navais 122 (VMFA-122) operando em Guadalcanal. Em setembro de 1943, \u201cPappy\u201d tornou-se comandante do Esquadr\u00e3o de Ca\u00e7a da Marinha 214 (VMF-214), mais conhecido como \u201cOvelhas Negras&#8221;. Greg Boyington era famoso por usar o Corsair mais surrado dispon\u00edvel, deixando as aeronaves mais novas ou rec\u00e9m-reformadas para os pilotos mais jovens e menos experientes.<\/p>\n<p>Ilustra\u00e7\u00e3o em grafite e pastel seco em papel especial Debret 200g com tratamento antif\u00fangico e anti\u00e1cido, insumos franceses e alem\u00e3es. Moldura em madeira, <span data-huuid=\"16791226745111658357\">passe-partout<\/span>, com vidro antirreflexo. Certificado de Autenticidade. Tamanho 30&#215;21 cm (~40&#215;30 cm com moldura). Obra \u00fanica. Certifica\u00e7\u00f5es FSC\/PEFC, ISO 9001, ISO 14001, SEDEX, SMETA, \u201cRoyal\u201d.<\/p>\n<p><strong>Observa\u00e7\u00e3o<\/strong>: nenhuma imagem, por melhor que seja, \u00e9 capaz de reproduzir os detalhes, as nuances, os cuidados que fazem parte do processo de elabora\u00e7\u00e3o da obra, executada com materiais rigidamente selecionados e da mais alta qualidade, para assegurar seu valor e sua longevidade.<\/p>\n<p><em><span class=\"has-inline-color has-cyan-bluish-gray-color\">O autor reserva-se o pleno e permanente direito sobre o copyright da sua obra. Nenhuma c\u00f3pia ou reprodu\u00e7\u00e3o, em qualquer meio f\u00edsico ou digital, pode ser feita sem sua expressa autoriza\u00e7\u00e3o.<\/span><\/em><\/p>\n<p><span style=\"color: #ff6600;\">Para encomendas ou compras internacionais, por favor, entre em contato.<\/span><\/p>\n","protected":false},"excerpt":{"rendered":"<p>Ilustra\u00e7\u00e3o em grafite e pastel seco em papel especial Debret 200g com tratamento antif\u00fangico e anti\u00e1cido, insumos franceses e alem\u00e3es. Moldura em madeira, <span data-huuid=\"16791226745111658357\">passe-partout<\/span>, com vidro antirreflexo. Certificado de Autenticidade. Tamanho 30&#215;21 cm (~40&#215;30 cm com moldura). Obra \u00fanica. Certifica\u00e7\u00f5es FSC\/PEFC, ISO 9001, ISO 14001, SEDEX, SMETA, \u201cRoyal\u201d.<\/p>\n","protected":false},"featured_media":1709,"template":"","meta":{"om_disable_all_campaigns":false,"site-sidebar-layout":"no-sidebar","site-content-layout":"boxed-container","ast-site-content-layout":"normal-width-container","site-content-style":"boxed","site-sidebar-style":"boxed","ast-global-header-display":"","ast-banner-title-visibility":"","ast-main-header-display":"","ast-hfb-above-header-display":"","ast-hfb-below-header-display":"","ast-hfb-mobile-header-display":"","site-post-title":"","ast-breadcrumbs-content":"","ast-featured-img":"","footer-sml-layout":"","theme-transparent-header-meta":"default","adv-header-id-meta":"","stick-header-meta":"","header-above-stick-meta":"","header-main-stick-meta":"","header-below-stick-meta":"","astra-migrate-meta-layouts":"set","ast-page-background-enabled":"default","ast-page-background-meta":{"desktop":{"background-color":"","background-image":"","background-repeat":"repeat","background-position":"center center","background-size":"auto","background-attachment":"scroll","background-type":"","background-media":"","overlay-type":"","overlay-color":"","overlay-opacity":"","overlay-gradient":""},"tablet":{"background-color":"","background-image":"","background-repeat":"repeat","background-position":"center center","background-size":"auto","background-attachment":"scroll","background-type":"","background-media":"","overlay-type":"","overlay-color":"","overlay-opacity":"","overlay-gradient":""},"mobile":{"background-color":"","background-image":"","background-repeat":"repeat","background-position":"center center","background-size":"auto","background-attachment":"scroll","background-type":"","background-media":"","overlay-type":"","overlay-color":"","overlay-opacity":"","overlay-gradient":""}},"ast-content-background-meta":{"desktop":{"background-color":"var(--ast-global-color-5)","background-image":"","background-repeat":"repeat","background-position":"center center","background-size":"auto","background-attachment":"scroll","background-type":"","background-media":"","overlay-type":"","overlay-color":"","overlay-opacity":"","overlay-gradient":""},"tablet":{"background-color":"var(--ast-global-color-5)","background-image":"","background-repeat":"repeat","background-position":"center center","background-size":"auto","background-attachment":"scroll","background-type":"","background-media":"","overlay-type":"","overlay-color":"","overlay-opacity":"","overlay-gradient":""},"mobile":{"background-color":"var(--ast-global-color-5)","background-image":"","background-repeat":"repeat","background-position":"center center","background-size":"auto","background-attachment":"scroll","background-type":"","background-media":"","overlay-type":"","overlay-color":"","overlay-opacity":"","overlay-gradient":""}}},"product_brand":[],"product_cat":[58,19,21,22],"product_tag":[140,53,139,130,55,131,57],"class_list":{"0":"post-1708","1":"product","2":"type-product","3":"status-publish","4":"has-post-thumbnail","6":"product_cat-aviation-art","7":"product_cat-desenhos","8":"product_cat-grafite","9":"product_cat-pastel-seco","10":"product_tag-aviao","11":"product_tag-aviation-art","12":"product_tag-avioes","13":"product_tag-eua","14":"product_tag-historia","15":"product_tag-naval","16":"product_tag-segunda-guerra-mundial","17":"desktop-align-left","18":"tablet-align-left","19":"mobile-align-left","21":"first","22":"instock","23":"sold-individually","24":"taxable","25":"shipping-taxable","26":"purchasable","27":"product-type-simple"},"aioseo_notices":[],"_links":{"self":[{"href":"https:\/\/aboaarte.com\/index.php\/wp-json\/wp\/v2\/product\/1708","targetHints":{"allow":["GET"]}}],"collection":[{"href":"https:\/\/aboaarte.com\/index.php\/wp-json\/wp\/v2\/product"}],"about":[{"href":"https:\/\/aboaarte.com\/index.php\/wp-json\/wp\/v2\/types\/product"}],"wp:featuredmedia":[{"embeddable":true,"href":"https:\/\/aboaarte.com\/index.php\/wp-json\/wp\/v2\/media\/1709"}],"wp:attachment":[{"href":"https:\/\/aboaarte.com\/index.php\/wp-json\/wp\/v2\/media?parent=1708"}],"wp:term":[{"taxonomy":"product_brand","embeddable":true,"href":"https:\/\/aboaarte.com\/index.php\/wp-json\/wp\/v2\/product_brand?post=1708"},{"taxonomy":"product_cat","embeddable":true,"href":"https:\/\/aboaarte.com\/index.php\/wp-json\/wp\/v2\/product_cat?post=1708"},{"taxonomy":"product_tag","embeddable":true,"href":"https:\/\/aboaarte.com\/index.php\/wp-json\/wp\/v2\/product_tag?post=1708"}],"curies":[{"name":"wp","href":"https:\/\/api.w.org\/{rel}","templated":true}]}}