{"id":1732,"date":"2025-09-21T16:21:21","date_gmt":"2025-09-21T16:21:21","guid":{"rendered":"https:\/\/aboaarte.com\/?post_type=product&#038;p=1732"},"modified":"2026-01-17T12:46:10","modified_gmt":"2026-01-17T12:46:10","slug":"dachshund-laranja","status":"publish","type":"product","link":"https:\/\/aboaarte.com\/index.php\/product\/dachshund-laranja\/","title":{"rendered":"Daschshund &#8220;Laranja&#8221;"},"content":{"rendered":"<p>O Dachshund, ou c\u00e3o &#8220;salsicha&#8221;, tem origem na Alemanha, surgindo por volta do s\u00e9culo XVI a partir do cruzamento de c\u00e3es para ca\u00e7ar texugos e outros animais de toca. Ali\u00e1s, seu nome vem do Alem\u00e3o, onde &#8220;Dachs&#8221; significa texugo e &#8220;Hund&#8221; significa c\u00e3o, revelando a fun\u00e7\u00e3o para a qual foi criado. Seu corpo alongado e patas curtas foram desenvolvidos para facilitar a entrada em tocas. Existem tr\u00eas variedades de pelo (liso, duro e longo) e dois tamanhos (standard e miniatura), e a ra\u00e7a foi oficialmente reconhecida em meados do s\u00e9culo XIX, tornando-se um popular c\u00e3o de companhia e de ca\u00e7a. A ra\u00e7a foi tamb\u00e9m era usada para ca\u00e7ar lebres, fur\u00f5es, coelhos e raposas, usando suas patas curtas para cavar e entrar em tocas. O Dachshund de pelo liso \u00e9 a primeira variedade, originando-se do cruzamento de um pequeno pointer e um pinscher. O de pelo duro foi criado mais tarde, no final do s\u00e9culo XIX, atrav\u00e9s do cruzamento do Dachshund liso com o Schnauzer, o Dandie Dinmont Terrier e o Scottish Terrier. A ra\u00e7a foi reconhecida oficialmente em meados do s\u00e9culo XIX, com os primeiros padr\u00f5es descritos em 1879 e a funda\u00e7\u00e3o do Dachshund Club em 1888.<\/p>\n<p>Pintura a \u00f3leo sobre tela em algod\u00e3o livre de \u00e1cido e com tratamento contra fungos e bact\u00e9rias. Insumos holandeses e franceses. Verniz italiano. Tamanho 30&#215;20 cm (~40&#215;30 cm com moldura).\u00a0 Moldura em madeira preta com tons de cobre\/ouro velho. Obra \u00fanica.<\/p>\n<p><strong>Observa\u00e7\u00e3o<\/strong>: nenhuma imagem, por melhor que seja, \u00e9 capaz de reproduzir os detalhes, as nuances, os cuidados que fazem parte do processo de elabora\u00e7\u00e3o da obra, executada com materiais rigidamente selecionados e da mais alta qualidade, para assegurar seu valor e sua longevidade.<\/p>\n<p><em><span class=\"has-inline-color has-cyan-bluish-gray-color\">O autor reserva-se o pleno e permanente direito sobre o copyright da sua obra. Nenhuma c\u00f3pia ou reprodu\u00e7\u00e3o, em qualquer meio f\u00edsico ou digital, pode ser feita sem sua expressa autoriza\u00e7\u00e3o.<\/span><\/em><\/p>\n<p><span style=\"color: #ff6600;\">Para encomendas ou compras internacionais, por favor, entre em contato.<\/span><\/p>\n","protected":false},"excerpt":{"rendered":"<p>Pintura a \u00f3leo sobre tela em algod\u00e3o livre de \u00e1cido e com tratamento contra fungos e bact\u00e9rias. Insumos holandeses e franceses. Verniz italiano. Tamanho 30&#215;20 cm (~40&#215;30 cm com moldura).\u00a0 Moldura em madeira preta com tons de cobre\/ouro velho. Certifica\u00e7\u00e3o de qualidade e proced\u00eancia, assinada pelo autor. Obra \u00fanica. Por F. G. Dillenburg.<\/p>\n","protected":false},"featured_media":1733,"template":"","meta":{"om_disable_all_campaigns":false,"site-sidebar-layout":"no-sidebar","site-content-layout":"boxed-container","ast-site-content-layout":"normal-width-container","site-content-style":"boxed","site-sidebar-style":"boxed","ast-global-header-display":"","ast-banner-title-visibility":"","ast-main-header-display":"","ast-hfb-above-header-display":"","ast-hfb-below-header-display":"","ast-hfb-mobile-header-display":"","site-post-title":"","ast-breadcrumbs-content":"","ast-featured-img":"","footer-sml-layout":"","theme-transparent-header-meta":"default","adv-header-id-meta":"","stick-header-meta":"","header-above-stick-meta":"","header-main-stick-meta":"","header-below-stick-meta":"","astra-migrate-meta-layouts":"set","ast-page-background-enabled":"default","ast-page-background-meta":{"desktop":{"background-color":"","background-image":"","background-repeat":"repeat","background-position":"center center","background-size":"auto","background-attachment":"scroll","background-type":"","background-media":"","overlay-type":"","overlay-color":"","overlay-opacity":"","overlay-gradient":""},"tablet":{"background-color":"","background-image":"","background-repeat":"repeat","background-position":"center center","background-size":"auto","background-attachment":"scroll","background-type":"","background-media":"","overlay-type":"","overlay-color":"","overlay-opacity":"","overlay-gradient":""},"mobile":{"background-color":"","background-image":"","background-repeat":"repeat","background-position":"center center","background-size":"auto","background-attachment":"scroll","background-type":"","background-media":"","overlay-type":"","overlay-color":"","overlay-opacity":"","overlay-gradient":""}},"ast-content-background-meta":{"desktop":{"background-color":"var(--ast-global-color-5)","background-image":"","background-repeat":"repeat","background-position":"center center","background-size":"auto","background-attachment":"scroll","background-type":"","background-media":"","overlay-type":"","overlay-color":"","overlay-opacity":"","overlay-gradient":""},"tablet":{"background-color":"var(--ast-global-color-5)","background-image":"","background-repeat":"repeat","background-position":"center center","background-size":"auto","background-attachment":"scroll","background-type":"","background-media":"","overlay-type":"","overlay-color":"","overlay-opacity":"","overlay-gradient":""},"mobile":{"background-color":"var(--ast-global-color-5)","background-image":"","background-repeat":"repeat","background-position":"center center","background-size":"auto","background-attachment":"scroll","background-type":"","background-media":"","overlay-type":"","overlay-color":"","overlay-opacity":"","overlay-gradient":""}}},"product_brand":[],"product_cat":[38,25,20],"product_tag":[67,61,46,52],"class_list":{"0":"post-1732","1":"product","2":"type-product","3":"status-publish","4":"has-post-thumbnail","6":"product_cat-animais","7":"product_cat-oleo","8":"product_cat-pinturas","9":"product_tag-animais","10":"product_tag-cachorro","11":"product_tag-oleo","12":"product_tag-pintura","13":"desktop-align-left","14":"tablet-align-left","15":"mobile-align-left","17":"first","18":"instock","19":"sold-individually","20":"taxable","21":"shipping-taxable","22":"purchasable","23":"product-type-simple"},"aioseo_notices":[],"_links":{"self":[{"href":"https:\/\/aboaarte.com\/index.php\/wp-json\/wp\/v2\/product\/1732","targetHints":{"allow":["GET"]}}],"collection":[{"href":"https:\/\/aboaarte.com\/index.php\/wp-json\/wp\/v2\/product"}],"about":[{"href":"https:\/\/aboaarte.com\/index.php\/wp-json\/wp\/v2\/types\/product"}],"wp:featuredmedia":[{"embeddable":true,"href":"https:\/\/aboaarte.com\/index.php\/wp-json\/wp\/v2\/media\/1733"}],"wp:attachment":[{"href":"https:\/\/aboaarte.com\/index.php\/wp-json\/wp\/v2\/media?parent=1732"}],"wp:term":[{"taxonomy":"product_brand","embeddable":true,"href":"https:\/\/aboaarte.com\/index.php\/wp-json\/wp\/v2\/product_brand?post=1732"},{"taxonomy":"product_cat","embeddable":true,"href":"https:\/\/aboaarte.com\/index.php\/wp-json\/wp\/v2\/product_cat?post=1732"},{"taxonomy":"product_tag","embeddable":true,"href":"https:\/\/aboaarte.com\/index.php\/wp-json\/wp\/v2\/product_tag?post=1732"}],"curies":[{"name":"wp","href":"https:\/\/api.w.org\/{rel}","templated":true}]}}