{"id":1734,"date":"2025-09-21T16:38:25","date_gmt":"2025-09-21T16:38:25","guid":{"rendered":"https:\/\/aboaarte.com\/?post_type=product&#038;p=1734"},"modified":"2025-09-21T18:51:39","modified_gmt":"2025-09-21T18:51:39","slug":"bertha","status":"publish","type":"product","link":"https:\/\/aboaarte.com\/index.php\/product\/bertha\/","title":{"rendered":"&#8220;Bertha&#8221;"},"content":{"rendered":"<p>Desenho em pastel seco e l\u00e1pis de cor \u00e0 base de \u00f3leo sobre papel especial Velour de alt\u00edssima qualidade. Bertha \u00e9 uma cachorrinha idosa, quase cega, sem ra\u00e7a definida, mas muito pr\u00f3xima a um poodle.<\/p>\n<p>Obra em papel Velour, antibolor e isento de \u00e1cido, \u00e0 base de algod\u00e3o, 260 gramas, com <em>paspatur\u00a0<\/em>(<em>Passe-partout<\/em>) e prote\u00e7\u00e3o integral por vidro antirreflexo. Insumos alem\u00e3es e franceses. Fixador franc\u00eas. Moldura em madeira. Certifica\u00e7\u00e3o de qualidade e proced\u00eancia, assinada pelo autor. Por F. G. Dillenburg.<\/p>\n<p><strong>Observa\u00e7\u00e3o<\/strong>: nenhuma imagem, por melhor que seja, \u00e9 capaz de reproduzir os detalhes, as nuances, os cuidados que fazem parte do processo de elabora\u00e7\u00e3o da obra, executada com materiais rigidamente selecionados e da mais alta qualidade, para assegurar seu valor e sua longevidade.<\/p>\n<p><em><span class=\"has-inline-color has-cyan-bluish-gray-color\">O autor reserva-se o pleno e permanente direito sobre o copyright da sua obra. Nenhuma c\u00f3pia ou reprodu\u00e7\u00e3o, em qualquer meio f\u00edsico ou digital, pode ser feita sem sua expressa autoriza\u00e7\u00e3o.<\/span><\/em><\/p>\n<p><span style=\"color: #ff6600;\">Para encomendas ou compras internacionais, por favor, entre em contato.<\/span><\/p>\n","protected":false},"excerpt":{"rendered":"<p>Desenho em pastel e l\u00e1pis de cor \u00e0 base de \u00f3leo sobre papel especial alem\u00e3o de alt\u00edssima qualidade, antibolor e isento de \u00e1cido, \u00e0 base de algod\u00e3o, 170 gramas, 26\u00d724 cm (44\u00d742 cm com moldura), com <em>paspatur\u00a0<\/em>(<em>Passe-partout<\/em>) e prote\u00e7\u00e3o integral por vidro antirreflexo. Insumos alem\u00e3es e franceses. Fixador franc\u00eas. Moldura em madeira. Certifica\u00e7\u00e3o de qualidade e proced\u00eancia, assinada pelo autor. Por F. G. Dillenburg.<\/p>\n","protected":false},"featured_media":1735,"template":"","meta":{"om_disable_all_campaigns":false,"site-sidebar-layout":"no-sidebar","site-content-layout":"boxed-container","ast-site-content-layout":"normal-width-container","site-content-style":"boxed","site-sidebar-style":"boxed","ast-global-header-display":"","ast-banner-title-visibility":"","ast-main-header-display":"","ast-hfb-above-header-display":"","ast-hfb-below-header-display":"","ast-hfb-mobile-header-display":"","site-post-title":"","ast-breadcrumbs-content":"","ast-featured-img":"","footer-sml-layout":"","theme-transparent-header-meta":"default","adv-header-id-meta":"","stick-header-meta":"","header-above-stick-meta":"","header-main-stick-meta":"","header-below-stick-meta":"","astra-migrate-meta-layouts":"set","ast-page-background-enabled":"default","ast-page-background-meta":{"desktop":{"background-color":"","background-image":"","background-repeat":"repeat","background-position":"center center","background-size":"auto","background-attachment":"scroll","background-type":"","background-media":"","overlay-type":"","overlay-color":"","overlay-opacity":"","overlay-gradient":""},"tablet":{"background-color":"","background-image":"","background-repeat":"repeat","background-position":"center center","background-size":"auto","background-attachment":"scroll","background-type":"","background-media":"","overlay-type":"","overlay-color":"","overlay-opacity":"","overlay-gradient":""},"mobile":{"background-color":"","background-image":"","background-repeat":"repeat","background-position":"center center","background-size":"auto","background-attachment":"scroll","background-type":"","background-media":"","overlay-type":"","overlay-color":"","overlay-opacity":"","overlay-gradient":""}},"ast-content-background-meta":{"desktop":{"background-color":"var(--ast-global-color-5)","background-image":"","background-repeat":"repeat","background-position":"center center","background-size":"auto","background-attachment":"scroll","background-type":"","background-media":"","overlay-type":"","overlay-color":"","overlay-opacity":"","overlay-gradient":""},"tablet":{"background-color":"var(--ast-global-color-5)","background-image":"","background-repeat":"repeat","background-position":"center center","background-size":"auto","background-attachment":"scroll","background-type":"","background-media":"","overlay-type":"","overlay-color":"","overlay-opacity":"","overlay-gradient":""},"mobile":{"background-color":"var(--ast-global-color-5)","background-image":"","background-repeat":"repeat","background-position":"center center","background-size":"auto","background-attachment":"scroll","background-type":"","background-media":"","overlay-type":"","overlay-color":"","overlay-opacity":"","overlay-gradient":""}}},"product_brand":[],"product_cat":[38,19,22],"product_tag":[67,61,70,59],"class_list":{"0":"post-1734","1":"product","2":"type-product","3":"status-publish","4":"has-post-thumbnail","6":"product_cat-animais","7":"product_cat-desenhos","8":"product_cat-pastel-seco","9":"product_tag-animais","10":"product_tag-cachorro","11":"product_tag-lapis-de-cor","12":"product_tag-pastel","13":"desktop-align-left","14":"tablet-align-left","15":"mobile-align-left","17":"first","18":"outofstock","19":"sold-individually","20":"taxable","21":"shipping-taxable","22":"purchasable","23":"product-type-simple"},"aioseo_notices":[],"_links":{"self":[{"href":"https:\/\/aboaarte.com\/index.php\/wp-json\/wp\/v2\/product\/1734","targetHints":{"allow":["GET"]}}],"collection":[{"href":"https:\/\/aboaarte.com\/index.php\/wp-json\/wp\/v2\/product"}],"about":[{"href":"https:\/\/aboaarte.com\/index.php\/wp-json\/wp\/v2\/types\/product"}],"wp:featuredmedia":[{"embeddable":true,"href":"https:\/\/aboaarte.com\/index.php\/wp-json\/wp\/v2\/media\/1735"}],"wp:attachment":[{"href":"https:\/\/aboaarte.com\/index.php\/wp-json\/wp\/v2\/media?parent=1734"}],"wp:term":[{"taxonomy":"product_brand","embeddable":true,"href":"https:\/\/aboaarte.com\/index.php\/wp-json\/wp\/v2\/product_brand?post=1734"},{"taxonomy":"product_cat","embeddable":true,"href":"https:\/\/aboaarte.com\/index.php\/wp-json\/wp\/v2\/product_cat?post=1734"},{"taxonomy":"product_tag","embeddable":true,"href":"https:\/\/aboaarte.com\/index.php\/wp-json\/wp\/v2\/product_tag?post=1734"}],"curies":[{"name":"wp","href":"https:\/\/api.w.org\/{rel}","templated":true}]}}