{"id":1739,"date":"2025-09-21T17:14:15","date_gmt":"2025-09-21T17:14:15","guid":{"rendered":"https:\/\/aboaarte.com\/?post_type=product&#038;p=1739"},"modified":"2026-01-17T12:46:39","modified_gmt":"2026-01-17T12:46:39","slug":"gato-de-rua","status":"publish","type":"product","link":"https:\/\/aboaarte.com\/index.php\/product\/gato-de-rua\/","title":{"rendered":"Gato de Rua"},"content":{"rendered":"<p>Gato\u00a0 de rua. O gato (nome cient\u00edfico: Felis catus) ou gato dom\u00e9stico \u00e9 um mam\u00edfero carn\u00edvoro da fam\u00edlia dos fel\u00eddeos, um predador que ocupa o topo da cadeia alimentar. A primeira associa\u00e7\u00e3o dos gatos com os humanos da qual se tem evid\u00eancia ocorreu h\u00e1 cerca de 9 500 anos. A subfam\u00edlia dos fel\u00edneos (Felinae), que agrupa os gatos dom\u00e9sticos, surgiu h\u00e1 cerca de 12 milh\u00f5es de anos, expandindo-se a partir da \u00c1frica subsaariana at\u00e9 alcan\u00e7ar as terras do atual Egito. Acredita-se que o gato-selvagem-africano (Felis silvestris lybica) era seu antepassado imediato. Adicionalmente, evid\u00eancias gen\u00e9ticas assinalam que os gatos dom\u00e9sticos atuais partilham proced\u00eancia direta com os gatos selvagens do Oriente M\u00e9dio. Os gatos, assim como todos os felinos, originaram-se da evolu\u00e7\u00e3o de Miacis, um mam\u00edfero predador, que habitou a Terra no Paleoceno, h\u00e1 aproximadamente 55 milh\u00f5es de anos, \u00e9poca em que surgiram os mais antigos mam\u00edferos carn\u00edvoros. O mais antigo felino identificado por meio de f\u00f3sseis \u00e9 o Dinictis, datado de 37 milh\u00f5es de anos, do qual derivou Proailurus, ancestral comum de todas as esp\u00e9cies de gatos atuais, o qual viveu h\u00e1 aproximadamente 20 milh\u00f5es de anos. Os gatos dom\u00e9sticos atuais s\u00e3o uma adapta\u00e7\u00e3o evolutiva dos gatos-bravo, com cruzamentos entre diferentes esp\u00e9cimes os tornaram menores e menos agressivos aos humanos. A primeira indica\u00e7\u00e3o conhecida \u00e0 domestica\u00e7\u00e3o de um gato-selvagem-africano (F. lybica) foi escavada perto de uma sepultura neol\u00edtica humana em Silurocambo, ao sul de Chipre, datando de cerca de 7 500\u20137 200 a.C..<\/p>\n<p>Pintura a \u00f3leo sobre tela em algod\u00e3o livre de \u00e1cido e com tratamento contra fungos e bact\u00e9rias. Insumos holandeses e franceses. Verniz italiano. Tamanho 20&#215;20 cm (~30&#215;30 cm com moldura).\u00a0 Moldura em madeira preta, simples. Obra \u00fanica. Certifica\u00e7\u00f5es FSC\/PEFC, ISO 9001, ISO 14001, SEDEX, SMETA, \u201cRoyal\u201d.<\/p>\n<p><strong>Observa\u00e7\u00e3o<\/strong>: nenhuma imagem, por melhor que seja, \u00e9 capaz de reproduzir os detalhes, as nuances, os cuidados que fazem parte do processo de elabora\u00e7\u00e3o da obra, executada com materiais rigidamente selecionados e da mais alta qualidade, para assegurar seu valor e sua longevidade.<\/p>\n<p><em><span class=\"has-inline-color has-cyan-bluish-gray-color\">O autor reserva-se o pleno e permanente direito sobre o copyright da sua obra. Nenhuma c\u00f3pia ou reprodu\u00e7\u00e3o, em qualquer meio f\u00edsico ou digital, pode ser feita sem sua expressa autoriza\u00e7\u00e3o.<\/span><\/em><\/p>\n<p><span style=\"color: #ff6600;\">Para encomendas ou compras internacionais, por favor, entre em contato.<\/span><\/p>\n","protected":false},"excerpt":{"rendered":"<p>Pintura a \u00f3leo sobre tela em algod\u00e3o livre de \u00e1cido e com tratamento contra fungos e bact\u00e9rias. Insumos holandeses e franceses. Verniz italiano. Tamanho 20&#215;20 cm (~30&#215;30 cm com moldura). Moldura em madeira preta, simples. Certifica\u00e7\u00e3o de qualidade e proced\u00eancia, assinada pelo autor. Obra \u00fanica. Por F. G. Dillenburg. Certifica\u00e7\u00f5es FSC\/PEFC, ISO 9001, ISO 14001, SEDEX, SMETA, \u201cRoyal\u201d.<\/p>\n","protected":false},"featured_media":1740,"template":"","meta":{"om_disable_all_campaigns":false,"site-sidebar-layout":"no-sidebar","site-content-layout":"boxed-container","ast-site-content-layout":"normal-width-container","site-content-style":"boxed","site-sidebar-style":"boxed","ast-global-header-display":"","ast-banner-title-visibility":"","ast-main-header-display":"","ast-hfb-above-header-display":"","ast-hfb-below-header-display":"","ast-hfb-mobile-header-display":"","site-post-title":"","ast-breadcrumbs-content":"","ast-featured-img":"","footer-sml-layout":"","theme-transparent-header-meta":"default","adv-header-id-meta":"","stick-header-meta":"","header-above-stick-meta":"","header-main-stick-meta":"","header-below-stick-meta":"","astra-migrate-meta-layouts":"set","ast-page-background-enabled":"default","ast-page-background-meta":{"desktop":{"background-color":"","background-image":"","background-repeat":"repeat","background-position":"center center","background-size":"auto","background-attachment":"scroll","background-type":"","background-media":"","overlay-type":"","overlay-color":"","overlay-opacity":"","overlay-gradient":""},"tablet":{"background-color":"","background-image":"","background-repeat":"repeat","background-position":"center center","background-size":"auto","background-attachment":"scroll","background-type":"","background-media":"","overlay-type":"","overlay-color":"","overlay-opacity":"","overlay-gradient":""},"mobile":{"background-color":"","background-image":"","background-repeat":"repeat","background-position":"center center","background-size":"auto","background-attachment":"scroll","background-type":"","background-media":"","overlay-type":"","overlay-color":"","overlay-opacity":"","overlay-gradient":""}},"ast-content-background-meta":{"desktop":{"background-color":"var(--ast-global-color-5)","background-image":"","background-repeat":"repeat","background-position":"center center","background-size":"auto","background-attachment":"scroll","background-type":"","background-media":"","overlay-type":"","overlay-color":"","overlay-opacity":"","overlay-gradient":""},"tablet":{"background-color":"var(--ast-global-color-5)","background-image":"","background-repeat":"repeat","background-position":"center center","background-size":"auto","background-attachment":"scroll","background-type":"","background-media":"","overlay-type":"","overlay-color":"","overlay-opacity":"","overlay-gradient":""},"mobile":{"background-color":"var(--ast-global-color-5)","background-image":"","background-repeat":"repeat","background-position":"center center","background-size":"auto","background-attachment":"scroll","background-type":"","background-media":"","overlay-type":"","overlay-color":"","overlay-opacity":"","overlay-gradient":""}}},"product_brand":[],"product_cat":[38,25,20],"product_tag":[67,142,46,52],"class_list":{"0":"post-1739","1":"product","2":"type-product","3":"status-publish","4":"has-post-thumbnail","6":"product_cat-animais","7":"product_cat-oleo","8":"product_cat-pinturas","9":"product_tag-animais","10":"product_tag-gato","11":"product_tag-oleo","12":"product_tag-pintura","13":"desktop-align-left","14":"tablet-align-left","15":"mobile-align-left","17":"first","18":"instock","19":"sold-individually","20":"taxable","21":"shipping-taxable","22":"purchasable","23":"product-type-simple"},"aioseo_notices":[],"_links":{"self":[{"href":"https:\/\/aboaarte.com\/index.php\/wp-json\/wp\/v2\/product\/1739","targetHints":{"allow":["GET"]}}],"collection":[{"href":"https:\/\/aboaarte.com\/index.php\/wp-json\/wp\/v2\/product"}],"about":[{"href":"https:\/\/aboaarte.com\/index.php\/wp-json\/wp\/v2\/types\/product"}],"wp:featuredmedia":[{"embeddable":true,"href":"https:\/\/aboaarte.com\/index.php\/wp-json\/wp\/v2\/media\/1740"}],"wp:attachment":[{"href":"https:\/\/aboaarte.com\/index.php\/wp-json\/wp\/v2\/media?parent=1739"}],"wp:term":[{"taxonomy":"product_brand","embeddable":true,"href":"https:\/\/aboaarte.com\/index.php\/wp-json\/wp\/v2\/product_brand?post=1739"},{"taxonomy":"product_cat","embeddable":true,"href":"https:\/\/aboaarte.com\/index.php\/wp-json\/wp\/v2\/product_cat?post=1739"},{"taxonomy":"product_tag","embeddable":true,"href":"https:\/\/aboaarte.com\/index.php\/wp-json\/wp\/v2\/product_tag?post=1739"}],"curies":[{"name":"wp","href":"https:\/\/api.w.org\/{rel}","templated":true}]}}