{"id":1753,"date":"2025-11-15T13:53:53","date_gmt":"2025-11-15T13:53:53","guid":{"rendered":"https:\/\/aboaarte.com\/?post_type=product&#038;p=1753"},"modified":"2025-11-15T14:17:07","modified_gmt":"2025-11-15T14:17:07","slug":"p-51b-7-na-beantown-banshee-353rd-fs-354rd-fg","status":"publish","type":"product","link":"https:\/\/aboaarte.com\/index.php\/product\/p-51b-7-na-beantown-banshee-353rd-fs-354rd-fg\/","title":{"rendered":"P-51B-7-NA \u201cBeantown Banshee\u201d (353rd FS\/354rd FG)"},"content":{"rendered":"<p>\u201cBeantown Banshee&#8221; \u00e9 o nome dado a duas aeronaves P-51B Mustang diferentes, pilotadas respectivamente pelo Capit\u00e3o Felix &#8220;Mike&#8221; Rogers e pelo Coronel Ken Dahlberg. O primeiro &#8220;Beantown Banshee&#8221; era um P-51B (n\u00ba de s\u00e9rie 43-6833) pilotado pelo Capit\u00e3o Felix M. Rogers do 353\u00ba Esquadr\u00e3o de Ca\u00e7a\/354\u00ba Grupo de Ca\u00e7a. Ap\u00f3s essa aeronave ser abatida, um P-51B substituto (n\u00ba de s\u00e9rie 43-7163) foi designado o novo &#8220;Beantown Banshee&#8221; e era frequentemente pilotado por Rogers, embora outros pilotos tamb\u00e9m o utilizassem. O nome &#8220;Beantown Banshee&#8221; era uma refer\u00eancia \u00e0 cidade natal de Rogers, Boston. A pintura representa o exemplar original, 43-6833 do 353 FS\/354 FG, com a caracter\u00edstica pintura da invas\u00e3o da Normandia. \u00c9 um P-51B-7-NA, com capota modelo \u201cMalcolm Hood\u201d, pilotado por Rogers, que foi abatido por fogo antia\u00e9reo inimigo em abril de 1944, perto de Wittmund, na Alemanha, enquanto metralhava um aer\u00f3dromo. Sete grupos de ca\u00e7a da 9\u00aa For\u00e7a A\u00e9rea dos EUA chegaram a Kent nos meses que antecederam o Dia D. Cinco deles eram equipados com P-47 e dois com P-51. O 354\u00ba Grupo de Ca\u00e7a foi o primeiro a receber o novo P-51 e ficou conhecido como o Grupo Pioneiro Mustang. Eles chegaram \u00e0 Inglaterra em novembro de 1943, ap\u00f3s conclu\u00edrem o treinamento com P-39. Os primeiros Mustangs chegaram logo em seguida; tanto os homens quanto as aeronaves desembarcaram nos portos de Liverpool, tendo a RAF Greenham Common como sua primeira base.<\/p>\n<p>Pintura em acr\u00edlico sobre tela em algod\u00e3o com tratamento antif\u00fangico e anti\u00e1cido, 30\u00d730 cm (45\u00d745 cm com moldura). Insumos norte-americanos e italianos. Pe\u00e7a \u00fanica. Acompanha certificado de autenticidade. Executada por F. G. Dillenburg com materiais rigidamente selecionados e da mais alta qualidade, para assegurar sua longevidade, assinada pelo autor e codificada. Certifica\u00e7\u00f5es FSC\/PEFC, ISO 9001, ISO 14001, SEDEX, SMETA, \u201cRoyal\u201d.<\/p>\n<p><strong>Observa\u00e7\u00e3o<\/strong>: nenhuma imagem, por melhor que seja, \u00e9 capaz de reproduzir os detalhes, as nuances, os cuidados que fazem parte do processo de elabora\u00e7\u00e3o da obra, executada com materiais rigidamente selecionados e da mais alta qualidade, para assegurar seu valor e sua longevidade.<\/p>\n<p><em><span class=\"has-inline-color has-cyan-bluish-gray-color\">O autor reserva-se o pleno e permanente direito sobre o copyright da sua obra. Nenhuma c\u00f3pia ou reprodu\u00e7\u00e3o, em qualquer meio f\u00edsico ou digital, pode ser feita sem sua expressa autoriza\u00e7\u00e3o.<\/span><\/em><\/p>\n<p><span style=\"color: #ff6600;\">Para encomendas ou compras internacionais, por favor, entre em contato.<\/span><\/p>\n","protected":false},"excerpt":{"rendered":"<p>Pintura em acr\u00edlico sobre tela em algod\u00e3o com tratamento antif\u00fangico e anti\u00e1cido, 30\u00d730 cm (45\u00d745 cm com moldura). Insumos norte-americanos e italianos. Pe\u00e7a \u00fanica. Acompanha certificado de autenticidade. Executada por F. G. Dillenburg com materiais rigidamente selecionados e da mais alta qualidade, para assegurar sua longevidade, assinada pelo autor e codificada. Certifica\u00e7\u00f5es FSC\/PEFC, ISO 9001, ISO 14001, SEDEX, SMETA, \u201cRoyal\u201d.<\/p>\n","protected":false},"featured_media":1754,"template":"","meta":{"om_disable_all_campaigns":false,"site-sidebar-layout":"no-sidebar","site-content-layout":"boxed-container","ast-site-content-layout":"normal-width-container","site-content-style":"boxed","site-sidebar-style":"boxed","ast-global-header-display":"","ast-banner-title-visibility":"","ast-main-header-display":"","ast-hfb-above-header-display":"","ast-hfb-below-header-display":"","ast-hfb-mobile-header-display":"","site-post-title":"","ast-breadcrumbs-content":"","ast-featured-img":"","footer-sml-layout":"","theme-transparent-header-meta":"default","adv-header-id-meta":"","stick-header-meta":"","header-above-stick-meta":"","header-main-stick-meta":"","header-below-stick-meta":"","astra-migrate-meta-layouts":"set","ast-page-background-enabled":"default","ast-page-background-meta":{"desktop":{"background-color":"","background-image":"","background-repeat":"repeat","background-position":"center center","background-size":"auto","background-attachment":"scroll","background-type":"","background-media":"","overlay-type":"","overlay-color":"","overlay-opacity":"","overlay-gradient":""},"tablet":{"background-color":"","background-image":"","background-repeat":"repeat","background-position":"center center","background-size":"auto","background-attachment":"scroll","background-type":"","background-media":"","overlay-type":"","overlay-color":"","overlay-opacity":"","overlay-gradient":""},"mobile":{"background-color":"","background-image":"","background-repeat":"repeat","background-position":"center center","background-size":"auto","background-attachment":"scroll","background-type":"","background-media":"","overlay-type":"","overlay-color":"","overlay-opacity":"","overlay-gradient":""}},"ast-content-background-meta":{"desktop":{"background-color":"var(--ast-global-color-5)","background-image":"","background-repeat":"repeat","background-position":"center center","background-size":"auto","background-attachment":"scroll","background-type":"","background-media":"","overlay-type":"","overlay-color":"","overlay-opacity":"","overlay-gradient":""},"tablet":{"background-color":"var(--ast-global-color-5)","background-image":"","background-repeat":"repeat","background-position":"center center","background-size":"auto","background-attachment":"scroll","background-type":"","background-media":"","overlay-type":"","overlay-color":"","overlay-opacity":"","overlay-gradient":""},"mobile":{"background-color":"var(--ast-global-color-5)","background-image":"","background-repeat":"repeat","background-position":"center center","background-size":"auto","background-attachment":"scroll","background-type":"","background-media":"","overlay-type":"","overlay-color":"","overlay-opacity":"","overlay-gradient":""}}},"product_brand":[],"product_cat":[26,58,133,20,37],"product_tag":[140,53,139,130,55,52,57],"class_list":{"0":"post-1753","1":"product","2":"type-product","3":"status-publish","4":"has-post-thumbnail","6":"product_cat-acrilica","7":"product_cat-aviation-art","8":"product_cat-historico","9":"product_cat-pinturas","10":"product_cat-tema","11":"product_tag-aviao","12":"product_tag-aviation-art","13":"product_tag-avioes","14":"product_tag-eua","15":"product_tag-historia","16":"product_tag-pintura","17":"product_tag-segunda-guerra-mundial","18":"desktop-align-left","19":"tablet-align-left","20":"mobile-align-left","22":"first","23":"instock","24":"sold-individually","25":"taxable","26":"shipping-taxable","27":"purchasable","28":"product-type-simple"},"aioseo_notices":[],"_links":{"self":[{"href":"https:\/\/aboaarte.com\/index.php\/wp-json\/wp\/v2\/product\/1753","targetHints":{"allow":["GET"]}}],"collection":[{"href":"https:\/\/aboaarte.com\/index.php\/wp-json\/wp\/v2\/product"}],"about":[{"href":"https:\/\/aboaarte.com\/index.php\/wp-json\/wp\/v2\/types\/product"}],"wp:featuredmedia":[{"embeddable":true,"href":"https:\/\/aboaarte.com\/index.php\/wp-json\/wp\/v2\/media\/1754"}],"wp:attachment":[{"href":"https:\/\/aboaarte.com\/index.php\/wp-json\/wp\/v2\/media?parent=1753"}],"wp:term":[{"taxonomy":"product_brand","embeddable":true,"href":"https:\/\/aboaarte.com\/index.php\/wp-json\/wp\/v2\/product_brand?post=1753"},{"taxonomy":"product_cat","embeddable":true,"href":"https:\/\/aboaarte.com\/index.php\/wp-json\/wp\/v2\/product_cat?post=1753"},{"taxonomy":"product_tag","embeddable":true,"href":"https:\/\/aboaarte.com\/index.php\/wp-json\/wp\/v2\/product_tag?post=1753"}],"curies":[{"name":"wp","href":"https:\/\/api.w.org\/{rel}","templated":true}]}}