{"id":1756,"date":"2025-11-15T14:06:29","date_gmt":"2025-11-15T14:06:29","guid":{"rendered":"https:\/\/aboaarte.com\/?post_type=product&#038;p=1756"},"modified":"2025-11-15T14:16:30","modified_gmt":"2025-11-15T14:16:30","slug":"embraer-t-27-tucano-1374-afa","status":"publish","type":"product","link":"https:\/\/aboaarte.com\/index.php\/product\/embraer-t-27-tucano-1374-afa\/","title":{"rendered":"Embraer T-27 Tucano 1374 (AFA)"},"content":{"rendered":"<p>O T-27 Tucano de matr\u00edcula FAB 1374 \u00e9 uma aeronave de treinamento avan\u00e7ado da For\u00e7a A\u00e9rea Brasileira (FAB) que foi desativada em 2009, ap\u00f3s realizar seu primeiro voo em 1985 e acumular 8.409 horas de voo. Ela faz parte do modelo T-27 Tucano, utilizado pela Academia da For\u00e7a A\u00e9rea (AFA) para formar novos pilotos, devido \u00e0 similaridade de sua cabine com a de um ca\u00e7a. O Embraer EMB-312 Tucano \u00e9 um avi\u00e3o turbo\u00e9lice de treinamento e ataque leve, desenvolvido e fabricado no Brasil pela Embraer. Seu primeiro voo ocorreu em 1980, com o in\u00edcio das entregas em 1983. Seu projeto \u00e9 de autoria do engenheiro aeron\u00e1utico h\u00fangaro brasileiro Joseph K\u00f3vacs. Designado na For\u00e7a A\u00e9rea Brasileira (FAB) como T-27, foi destinado ao treinamento avan\u00e7ado no 1\u00ba EIA &#8211; Esquadr\u00e3o de Instru\u00e7\u00e3o A\u00e9rea, o &#8220;Esquadr\u00e3o Cometa&#8221;, de cadetes aviadores do 4\u00ba ano da Academia da For\u00e7a A\u00e9rea Brasileira, em Pirassununga, estado de S\u00e3o Paulo. Tamb\u00e9m foi utilizada como aeronave leve de ataque, neste caso designada como AT-27. A FAB encomendou 133 aeronaves. Foi utilizada pelo &#8220;Esquadr\u00e3o de Demonstra\u00e7\u00e3o A\u00e9rea da For\u00e7a A\u00e9rea Brasileira (EDA)&#8221;, conhecido como Esquadrilha da fuma\u00e7a, de 1983 a 2013. Deixou de ser produzido em 1996, quando foi substitu\u00eddo pelo EMB-314 &#8220;Super Tucano&#8221;. Na FAB, o Super Tucano o substituiu nas fun\u00e7\u00f5es de Ataque e no EDA, ficou apenas respons\u00e1vel pela instru\u00e7\u00e3o avan\u00e7ada dos Cadetes na AFA.<\/p>\n<p>Pintura em acr\u00edlico sobre tela em algod\u00e3o com tratamento antif\u00fangico e anti\u00e1cido, 20\u00d730 cm (35\u00d745 cm com moldura). Insumos norte-americanos e italianos. Pe\u00e7a \u00fanica. Acompanha certificado de autenticidade. Por F. G. Dillenburg, executada com materiais rigidamente selecionados e da mais alta qualidade, para assegurar sua longevidade, assinada pelo autor e codificada. Certifica\u00e7\u00f5es FSC\/PEFC, ISO 9001, ISO 14001, SEDEX, SMETA, \u201cRoyal\u201d.<\/p>\n<p><strong>Observa\u00e7\u00e3o<\/strong>: nenhuma imagem, por melhor que seja, \u00e9 capaz de reproduzir os detalhes, as nuances, os cuidados que fazem parte do processo de elabora\u00e7\u00e3o da obra, executada com materiais rigidamente selecionados e da mais alta qualidade, para assegurar seu valor e sua longevidade.<\/p>\n<p><em><span class=\"has-inline-color has-cyan-bluish-gray-color\">O autor reserva-se o pleno e permanente direito sobre o copyright da sua obra. Nenhuma c\u00f3pia ou reprodu\u00e7\u00e3o, em qualquer meio f\u00edsico ou digital, pode ser feita sem sua expressa autoriza\u00e7\u00e3o.<\/span><\/em><\/p>\n<p><span style=\"color: #ff6600;\">Para encomendas ou compras internacionais, por favor, entre em contato.<\/span><\/p>\n","protected":false},"excerpt":{"rendered":"<p>Pintura em acr\u00edlico sobre tela em algod\u00e3o com tratamento antif\u00fangico e anti\u00e1cido, 20\u00d730 cm (35\u00d745 cm com moldura). Insumos norte-americanos e italianos. Pe\u00e7a \u00fanica. Acompanha certificado de autenticidade. Por F. G. Dillenburg, executada com materiais rigidamente selecionados e da mais alta qualidade, para assegurar sua longevidade, assinada pelo autor e codificada. Certifica\u00e7\u00f5es FSC\/PEFC, ISO 9001, ISO 14001, SEDEX, SMETA, \u201cRoyal\u201d.<\/p>\n","protected":false},"featured_media":1757,"template":"","meta":{"om_disable_all_campaigns":false,"site-sidebar-layout":"no-sidebar","site-content-layout":"boxed-container","ast-site-content-layout":"normal-width-container","site-content-style":"boxed","site-sidebar-style":"boxed","ast-global-header-display":"","ast-banner-title-visibility":"","ast-main-header-display":"","ast-hfb-above-header-display":"","ast-hfb-below-header-display":"","ast-hfb-mobile-header-display":"","site-post-title":"","ast-breadcrumbs-content":"","ast-featured-img":"","footer-sml-layout":"","theme-transparent-header-meta":"default","adv-header-id-meta":"","stick-header-meta":"","header-above-stick-meta":"","header-main-stick-meta":"","header-below-stick-meta":"","astra-migrate-meta-layouts":"set","ast-page-background-enabled":"default","ast-page-background-meta":{"desktop":{"background-color":"","background-image":"","background-repeat":"repeat","background-position":"center center","background-size":"auto","background-attachment":"scroll","background-type":"","background-media":"","overlay-type":"","overlay-color":"","overlay-opacity":"","overlay-gradient":""},"tablet":{"background-color":"","background-image":"","background-repeat":"repeat","background-position":"center center","background-size":"auto","background-attachment":"scroll","background-type":"","background-media":"","overlay-type":"","overlay-color":"","overlay-opacity":"","overlay-gradient":""},"mobile":{"background-color":"","background-image":"","background-repeat":"repeat","background-position":"center center","background-size":"auto","background-attachment":"scroll","background-type":"","background-media":"","overlay-type":"","overlay-color":"","overlay-opacity":"","overlay-gradient":""}},"ast-content-background-meta":{"desktop":{"background-color":"var(--ast-global-color-5)","background-image":"","background-repeat":"repeat","background-position":"center center","background-size":"auto","background-attachment":"scroll","background-type":"","background-media":"","overlay-type":"","overlay-color":"","overlay-opacity":"","overlay-gradient":""},"tablet":{"background-color":"var(--ast-global-color-5)","background-image":"","background-repeat":"repeat","background-position":"center center","background-size":"auto","background-attachment":"scroll","background-type":"","background-media":"","overlay-type":"","overlay-color":"","overlay-opacity":"","overlay-gradient":""},"mobile":{"background-color":"var(--ast-global-color-5)","background-image":"","background-repeat":"repeat","background-position":"center center","background-size":"auto","background-attachment":"scroll","background-type":"","background-media":"","overlay-type":"","overlay-color":"","overlay-opacity":"","overlay-gradient":""}}},"product_brand":[],"product_cat":[26,58,133,20,37],"product_tag":[140,53,139,130,55,52,57],"class_list":{"0":"post-1756","1":"product","2":"type-product","3":"status-publish","4":"has-post-thumbnail","6":"product_cat-acrilica","7":"product_cat-aviation-art","8":"product_cat-historico","9":"product_cat-pinturas","10":"product_cat-tema","11":"product_tag-aviao","12":"product_tag-aviation-art","13":"product_tag-avioes","14":"product_tag-eua","15":"product_tag-historia","16":"product_tag-pintura","17":"product_tag-segunda-guerra-mundial","18":"desktop-align-left","19":"tablet-align-left","20":"mobile-align-left","22":"first","23":"instock","24":"sold-individually","25":"taxable","26":"shipping-taxable","27":"purchasable","28":"product-type-simple"},"aioseo_notices":[],"_links":{"self":[{"href":"https:\/\/aboaarte.com\/index.php\/wp-json\/wp\/v2\/product\/1756","targetHints":{"allow":["GET"]}}],"collection":[{"href":"https:\/\/aboaarte.com\/index.php\/wp-json\/wp\/v2\/product"}],"about":[{"href":"https:\/\/aboaarte.com\/index.php\/wp-json\/wp\/v2\/types\/product"}],"wp:featuredmedia":[{"embeddable":true,"href":"https:\/\/aboaarte.com\/index.php\/wp-json\/wp\/v2\/media\/1757"}],"wp:attachment":[{"href":"https:\/\/aboaarte.com\/index.php\/wp-json\/wp\/v2\/media?parent=1756"}],"wp:term":[{"taxonomy":"product_brand","embeddable":true,"href":"https:\/\/aboaarte.com\/index.php\/wp-json\/wp\/v2\/product_brand?post=1756"},{"taxonomy":"product_cat","embeddable":true,"href":"https:\/\/aboaarte.com\/index.php\/wp-json\/wp\/v2\/product_cat?post=1756"},{"taxonomy":"product_tag","embeddable":true,"href":"https:\/\/aboaarte.com\/index.php\/wp-json\/wp\/v2\/product_tag?post=1756"}],"curies":[{"name":"wp","href":"https:\/\/api.w.org\/{rel}","templated":true}]}}