{"id":1759,"date":"2025-11-15T14:21:20","date_gmt":"2025-11-15T14:21:20","guid":{"rendered":"https:\/\/aboaarte.com\/?post_type=product&#038;p=1759"},"modified":"2026-01-17T12:53:45","modified_gmt":"2026-01-17T12:53:45","slug":"francesco-baracca-spad-s-vii","status":"publish","type":"product","link":"https:\/\/aboaarte.com\/index.php\/product\/francesco-baracca-spad-s-vii\/","title":{"rendered":"Francesco Baracca Spad S.VII"},"content":{"rendered":"<p>Creditado com impressionantes 34 vit\u00f3rias, Francesco Baracca foi o maior \u00e1s da avia\u00e7\u00e3o italiana na Primeira Guerra Mundial e \u00e9 retratado aqui em seu distinto Spad S.VII, que ostentava seu emblema pessoal, o \u201cCavalo Rampante\u201d, em homenagem aos seus tempos na cavalaria. Ap\u00f3s sua morte neste avi\u00e3o, em 19 de junho de 1918, a m\u00e3e de Baracca doou o emblema a Enzo Ferrari, cujos carros ainda exibem esse distintivo em todo o mundo. O SPAD S.VII C.1 foi o primeiro de uma s\u00e9rie de avi\u00f5es de ca\u00e7a biplanos monopostos produzidos pela Soci\u00e9t\u00e9 Pour L&#8217;Aviation et ses D\u00e9riv\u00e9s (SPAD) durante a Primeira Guerra Mundial. Assim como seus sucessores, o S.VII era conhecido por ser uma aeronave robusta e resistente, com boas caracter\u00edsticas de mergulho. Tamb\u00e9m era uma plataforma de tiro est\u00e1vel, embora os pilotos acostumados com os ca\u00e7as Nieuport, mais manobr\u00e1veis, o considerassem pesado nos comandos. Foi pilotado por diversos ases, como o franc\u00eas Georges Guynemer , o italiano Francesco Baracca e o australiano Alexander Pentland.<\/p>\n<p>Pintura em \u00f3leo sobre tela, 20\u00d720 cm (33\u00d733 cm com moldura). Insumos holandeses, franceses e italianos. Tela em algod\u00e3o com tratamento antif\u00fangico e anti\u00e1cido. Pe\u00e7a \u00fanica. Acompanha certificado de autenticidade. Pintura executada por F. G. Dillenburg com materiais rigidamente selecionados e da mais alta qualidade, para assegurar sua longevidade. A obra \u00e9 assinada pelo autor e possui etiquetas de identifica\u00e7\u00e3o com codifica\u00e7\u00e3o pr\u00f3pria. Certifica\u00e7\u00f5es FSC\/PEFC, ISO 9001, ISO 14001, SEDEX, SMETA, \u201cRoyal\u201d.<\/p>\n<p><strong>Observa\u00e7\u00e3o<\/strong>: nenhuma imagem, por melhor que seja, \u00e9 capaz de reproduzir os detalhes, as nuances, os cuidados que fazem parte do processo de elabora\u00e7\u00e3o da obra, executada com materiais rigidamente selecionados e da mais alta qualidade, para assegurar seu valor e sua longevidade.<\/p>\n<p><em><span class=\"has-inline-color has-cyan-bluish-gray-color\">O autor reserva-se o pleno e permanente direito sobre o copyright da sua obra. Nenhuma c\u00f3pia ou reprodu\u00e7\u00e3o, em qualquer meio f\u00edsico ou digital, pode ser feita sem sua expressa autoriza\u00e7\u00e3o.<\/span><\/em><\/p>\n<p><span style=\"color: #ff6600;\">Para encomendas ou compras internacionais, por favor, entre em contato.<\/span><\/p>\n","protected":false},"excerpt":{"rendered":"<p>Pintura em \u00f3leo sobre tela, 20\u00d720 cm (33\u00d733 cm com moldura). Insumos holandeses, franceses e italianos. Tela em algod\u00e3o com tratamento antif\u00fangico e anti\u00e1cido. Pe\u00e7a \u00fanica. Acompanha certificado de autenticidade. Pintura executada por F. G. Dillenburg com materiais rigidamente selecionados e da mais alta qualidade, para assegurar sua longevidade. A obra \u00e9 assinada pelo autor e possui etiquetas de identifica\u00e7\u00e3o com codifica\u00e7\u00e3o pr\u00f3pria. Certifica\u00e7\u00f5es FSC\/PEFC, ISO 9001, ISO 14001, SEDEX, SMETA, \u201cRoyal\u201d.<\/p>\n","protected":false},"featured_media":1760,"template":"","meta":{"om_disable_all_campaigns":false,"site-sidebar-layout":"no-sidebar","site-content-layout":"boxed-container","ast-site-content-layout":"normal-width-container","site-content-style":"boxed","site-sidebar-style":"boxed","ast-global-header-display":"","ast-banner-title-visibility":"","ast-main-header-display":"","ast-hfb-above-header-display":"","ast-hfb-below-header-display":"","ast-hfb-mobile-header-display":"","site-post-title":"","ast-breadcrumbs-content":"","ast-featured-img":"","footer-sml-layout":"","theme-transparent-header-meta":"default","adv-header-id-meta":"","stick-header-meta":"","header-above-stick-meta":"","header-main-stick-meta":"","header-below-stick-meta":"","astra-migrate-meta-layouts":"set","ast-page-background-enabled":"default","ast-page-background-meta":{"desktop":{"background-color":"","background-image":"","background-repeat":"repeat","background-position":"center center","background-size":"auto","background-attachment":"scroll","background-type":"","background-media":"","overlay-type":"","overlay-color":"","overlay-opacity":"","overlay-gradient":""},"tablet":{"background-color":"","background-image":"","background-repeat":"repeat","background-position":"center center","background-size":"auto","background-attachment":"scroll","background-type":"","background-media":"","overlay-type":"","overlay-color":"","overlay-opacity":"","overlay-gradient":""},"mobile":{"background-color":"","background-image":"","background-repeat":"repeat","background-position":"center center","background-size":"auto","background-attachment":"scroll","background-type":"","background-media":"","overlay-type":"","overlay-color":"","overlay-opacity":"","overlay-gradient":""}},"ast-content-background-meta":{"desktop":{"background-color":"var(--ast-global-color-5)","background-image":"","background-repeat":"repeat","background-position":"center center","background-size":"auto","background-attachment":"scroll","background-type":"","background-media":"","overlay-type":"","overlay-color":"","overlay-opacity":"","overlay-gradient":""},"tablet":{"background-color":"var(--ast-global-color-5)","background-image":"","background-repeat":"repeat","background-position":"center center","background-size":"auto","background-attachment":"scroll","background-type":"","background-media":"","overlay-type":"","overlay-color":"","overlay-opacity":"","overlay-gradient":""},"mobile":{"background-color":"var(--ast-global-color-5)","background-image":"","background-repeat":"repeat","background-position":"center center","background-size":"auto","background-attachment":"scroll","background-type":"","background-media":"","overlay-type":"","overlay-color":"","overlay-opacity":"","overlay-gradient":""}}},"product_brand":[],"product_cat":[58,25,20],"product_tag":[140,53,139,115,52],"class_list":{"0":"post-1759","1":"product","2":"type-product","3":"status-publish","4":"has-post-thumbnail","6":"product_cat-aviation-art","7":"product_cat-oleo","8":"product_cat-pinturas","9":"product_tag-aviao","10":"product_tag-aviation-art","11":"product_tag-avioes","12":"product_tag-i-guerra-mundial","13":"product_tag-pintura","14":"desktop-align-left","15":"tablet-align-left","16":"mobile-align-left","18":"first","19":"instock","20":"sold-individually","21":"taxable","22":"shipping-taxable","23":"purchasable","24":"product-type-simple"},"aioseo_notices":[],"_links":{"self":[{"href":"https:\/\/aboaarte.com\/index.php\/wp-json\/wp\/v2\/product\/1759","targetHints":{"allow":["GET"]}}],"collection":[{"href":"https:\/\/aboaarte.com\/index.php\/wp-json\/wp\/v2\/product"}],"about":[{"href":"https:\/\/aboaarte.com\/index.php\/wp-json\/wp\/v2\/types\/product"}],"wp:featuredmedia":[{"embeddable":true,"href":"https:\/\/aboaarte.com\/index.php\/wp-json\/wp\/v2\/media\/1760"}],"wp:attachment":[{"href":"https:\/\/aboaarte.com\/index.php\/wp-json\/wp\/v2\/media?parent=1759"}],"wp:term":[{"taxonomy":"product_brand","embeddable":true,"href":"https:\/\/aboaarte.com\/index.php\/wp-json\/wp\/v2\/product_brand?post=1759"},{"taxonomy":"product_cat","embeddable":true,"href":"https:\/\/aboaarte.com\/index.php\/wp-json\/wp\/v2\/product_cat?post=1759"},{"taxonomy":"product_tag","embeddable":true,"href":"https:\/\/aboaarte.com\/index.php\/wp-json\/wp\/v2\/product_tag?post=1759"}],"curies":[{"name":"wp","href":"https:\/\/api.w.org\/{rel}","templated":true}]}}