{"id":307,"date":"2020-03-18T14:28:35","date_gmt":"2020-03-18T14:28:35","guid":{"rendered":"https:\/\/aboaarte.com\/index.php\/product\/night-care-cream\/"},"modified":"2026-01-17T12:52:04","modified_gmt":"2026-01-17T12:52:04","slug":"marengo","status":"publish","type":"product","link":"https:\/\/aboaarte.com\/index.php\/product\/marengo\/","title":{"rendered":"&#8220;Marengo&#8221;"},"content":{"rendered":"<p>Desenho em pastel e l\u00e1pis de cor \u00e0 base de \u00f3leo sobre papel especial alem\u00e3o de alt\u00edssima qualidade. Marengo era o cavalo real de batalha de Napole\u00e3o Bonaparte. Ele foi importado do Egito para a Fran\u00e7a, em 1799, com a idade de seis anos. H\u00e1 muitas discuss\u00f5es sobre sua cor (\u201cde que cor era o cavalo branco de Napole\u00e3o?\u201d). Segundo os relatos, embora n\u00e3o fosse um animal de porte grande (media apenas 145 cm), Marengo era confi\u00e1vel e corajoso, atendendo \u00e0s necessidades de Napole\u00e3o em batalha. Ele teria sido ferido oito vezes em combate, e transportou o imperador nas batalhas de Austerlitz, Jena-Auerstedt, Wagram e na derradeira Batalha de Waterloo. Entre os 52 cavalos de Bonaparte, era o preferido, mas foi capturado pelo Bar\u00e3o William Petre na derrota francesa em Waterloo. O cavalo foi levado para o reino Unido, onde foi, ent\u00e3o, vendido ao Tenente-Coronel Angerstein (Grenadier Guards). O animal morreu com 38 anos, e seu esqueleto (com exce\u00e7\u00e3o de dois cascos) foi preservado no Royal United Services Institute e, atualmente, encontra-se em exposi\u00e7\u00e3o no National Army Museum, em Chelsea, Londres. A quarta vers\u00e3o da pintura de David mostrando Napole\u00e3o dobre os Alpes, realizada em 1803, mostra Marengo em branco-acinzentado, e foi encomendada para o pal\u00e1cio da Rep\u00fablica Cisalpina, um estado criado por Napole\u00e3o no norte da It\u00e1lia, em 1797. A iniciativa de documentar o feito nos Alpes veio do Rei Carlos IV, da Espanha (pa\u00eds que havia se aliado aos novos governos franceses ainda na \u00e9poca da Revolu\u00e7\u00e3o), que desejava dispor de uma imagem de Napole\u00e3o em uma galeria de pinturas de outros grandes l\u00edderes militares, que ficava no Pal\u00e1cio Real de Madri. Napole\u00e3o gostou tanto da obra de Davi que pediu v\u00e1rias vers\u00f5es da pintura. Obra em papel antibolor e isento de \u00e1cido, \u00e0 base de algod\u00e3o, 170 gramas, 27\u00d725 cm (44\u00d741 cm com moldura), com <em>paspatur\u00a0<\/em>(<em>Passe-partout<\/em>) e prote\u00e7\u00e3o integral por vidro antirreflexo. Insumos alem\u00e3es e franceses. Fixador franc\u00eas. Moldura em madeira. Certifica\u00e7\u00e3o de qualidade e proced\u00eancia, assinada pelo autor. Por F. G. Dillenburg.<\/p>\n<p><strong>Observa\u00e7\u00e3o<\/strong>: nenhuma imagem, por melhor que seja, \u00e9 capaz de reproduzir os detalhes, as nuances, os cuidados que fazem parte do processo de elabora\u00e7\u00e3o da obra, executada com materiais rigidamente selecionados e da mais alta qualidade, para assegurar seu valor e sua longevidade.<\/p>\n<p><em><span class=\"has-inline-color has-cyan-bluish-gray-color\">O autor reserva-se o pleno e permanente direito sobre o copyright da sua obra. Nenhuma c\u00f3pia ou reprodu\u00e7\u00e3o, em qualquer meio f\u00edsico ou digital, pode ser feita sem sua expressa autoriza\u00e7\u00e3o.<\/span><\/em><\/p>\n<p><span style=\"color: #ff6600;\">Para encomendas ou compras internacionais, por favor, entre em contato.<\/span><\/p>\n","protected":false},"excerpt":{"rendered":"<p>Desenho em pastel e l\u00e1pis de cor \u00e0 base de \u00f3leo sobre papel especial alem\u00e3o de alt\u00edssima qualidade, antibolor e isento de \u00e1cido, \u00e0 base de algod\u00e3o, 170 gramas, 27\u00d725 cm (44\u00d741 cm com moldura), com\u00a0<em>paspatur\u00a0<\/em>(<em>Passe-partout<\/em>) e prote\u00e7\u00e3o integral por vidro antirreflexo. Insumos alem\u00e3es e franceses. Fixador franc\u00eas. Moldura em madeira. Certifica\u00e7\u00e3o de qualidade e proced\u00eancia, assinada pelo autor. Por F. G. Dillenburg.<\/p>\n","protected":false},"featured_media":929,"template":"","meta":{"om_disable_all_campaigns":false,"site-sidebar-layout":"no-sidebar","site-content-layout":"boxed-container","ast-site-content-layout":"normal-width-container","site-content-style":"boxed","site-sidebar-style":"boxed","ast-global-header-display":"","ast-banner-title-visibility":"","ast-main-header-display":"","ast-hfb-above-header-display":"","ast-hfb-below-header-display":"","ast-hfb-mobile-header-display":"","site-post-title":"","ast-breadcrumbs-content":"","ast-featured-img":"","footer-sml-layout":"","theme-transparent-header-meta":"default","adv-header-id-meta":"","stick-header-meta":"","header-above-stick-meta":"","header-main-stick-meta":"","header-below-stick-meta":"","astra-migrate-meta-layouts":"set","ast-page-background-enabled":"default","ast-page-background-meta":{"desktop":{"background-color":"","background-image":"","background-repeat":"repeat","background-position":"center center","background-size":"auto","background-attachment":"scroll","background-type":"","background-media":"","overlay-type":"","overlay-color":"","overlay-opacity":"","overlay-gradient":""},"tablet":{"background-color":"","background-image":"","background-repeat":"repeat","background-position":"center center","background-size":"auto","background-attachment":"scroll","background-type":"","background-media":"","overlay-type":"","overlay-color":"","overlay-opacity":"","overlay-gradient":""},"mobile":{"background-color":"","background-image":"","background-repeat":"repeat","background-position":"center center","background-size":"auto","background-attachment":"scroll","background-type":"","background-media":"","overlay-type":"","overlay-color":"","overlay-opacity":"","overlay-gradient":""}},"ast-content-background-meta":{"desktop":{"background-color":"var(--ast-global-color-5)","background-image":"","background-repeat":"repeat","background-position":"center center","background-size":"auto","background-attachment":"scroll","background-type":"","background-media":"","overlay-type":"","overlay-color":"","overlay-opacity":"","overlay-gradient":""},"tablet":{"background-color":"var(--ast-global-color-5)","background-image":"","background-repeat":"repeat","background-position":"center center","background-size":"auto","background-attachment":"scroll","background-type":"","background-media":"","overlay-type":"","overlay-color":"","overlay-opacity":"","overlay-gradient":""},"mobile":{"background-color":"var(--ast-global-color-5)","background-image":"","background-repeat":"repeat","background-position":"center center","background-size":"auto","background-attachment":"scroll","background-type":"","background-media":"","overlay-type":"","overlay-color":"","overlay-opacity":"","overlay-gradient":""}}},"product_brand":[],"product_cat":[38,19,22,37],"product_tag":[35,60,59],"class_list":{"0":"post-307","1":"product","2":"type-product","3":"status-publish","4":"has-post-thumbnail","6":"product_cat-animais","7":"product_cat-desenhos","8":"product_cat-pastel-seco","9":"product_cat-tema","10":"product_tag-cavalo","11":"product_tag-napoleao","12":"product_tag-pastel","13":"desktop-align-left","14":"tablet-align-left","15":"mobile-align-left","17":"first","18":"instock","19":"sold-individually","20":"taxable","21":"shipping-taxable","22":"purchasable","23":"product-type-simple"},"aioseo_notices":[],"_links":{"self":[{"href":"https:\/\/aboaarte.com\/index.php\/wp-json\/wp\/v2\/product\/307","targetHints":{"allow":["GET"]}}],"collection":[{"href":"https:\/\/aboaarte.com\/index.php\/wp-json\/wp\/v2\/product"}],"about":[{"href":"https:\/\/aboaarte.com\/index.php\/wp-json\/wp\/v2\/types\/product"}],"wp:featuredmedia":[{"embeddable":true,"href":"https:\/\/aboaarte.com\/index.php\/wp-json\/wp\/v2\/media\/929"}],"wp:attachment":[{"href":"https:\/\/aboaarte.com\/index.php\/wp-json\/wp\/v2\/media?parent=307"}],"wp:term":[{"taxonomy":"product_brand","embeddable":true,"href":"https:\/\/aboaarte.com\/index.php\/wp-json\/wp\/v2\/product_brand?post=307"},{"taxonomy":"product_cat","embeddable":true,"href":"https:\/\/aboaarte.com\/index.php\/wp-json\/wp\/v2\/product_cat?post=307"},{"taxonomy":"product_tag","embeddable":true,"href":"https:\/\/aboaarte.com\/index.php\/wp-json\/wp\/v2\/product_tag?post=307"}],"curies":[{"name":"wp","href":"https:\/\/api.w.org\/{rel}","templated":true}]}}